{"id":11,"date":"2020-08-13T10:05:39","date_gmt":"2020-08-13T10:05:39","guid":{"rendered":"https:\/\/codeit.al\/?page_id=11"},"modified":"2021-07-14T12:28:05","modified_gmt":"2021-07-14T12:28:05","slug":"home","status":"publish","type":"page","link":"https:\/\/codeit.al\/it\/","title":{"rendered":"Home"},"content":{"rendered":"","protected":false},"excerpt":{"rendered":"","protected":false},"author":1,"featured_media":0,"parent":0,"menu_order":0,"comment_status":"closed","ping_status":"closed","template":"template-home.php","meta":{"footnotes":""},"class_list":["post-11","page","type-page","status-publish","hentry"],"yoast_head":"<!-- This site is optimized with the Yoast SEO plugin v23.5 - https:\/\/yoast.com\/wordpress\/plugins\/seo\/ -->\n<title>Develop your Brand - CodeIT<\/title>\n<meta name=\"description\" content=\"CodeIT dizenjon dhe zhvillon t\u00eb gjitha rrug\u00ebt dixhitale p\u00ebr brandin\/biznesin tuaj. Komunikimi online \u00ebsht\u00eb aseti kryesor i kompanis\u00eb dhe ne n\u00eb codeIT p\u00ebrdorim gjuh\u00ebn e duhur.\" \/>\n<meta name=\"robots\" content=\"index, follow, max-snippet:-1, max-image-preview:large, max-video-preview:-1\" \/>\n<link rel=\"canonical\" href=\"https:\/\/codeit.al\/it\/\" \/>\n<meta property=\"og:locale\" content=\"it_IT\" \/>\n<meta property=\"og:locale:alternate\" content=\"en_US\" \/>\n<meta property=\"og:locale:alternate\" content=\"sq_AL\" \/>\n<meta property=\"og:type\" content=\"article\" \/>\n<meta property=\"og:title\" content=\"Develop your Brand - CodeIT\" \/>\n<meta property=\"og:description\" content=\"CodeIT dizenjon dhe zhvillon t\u00eb gjitha rrug\u00ebt dixhitale p\u00ebr brandin\/biznesin tuaj. Komunikimi online \u00ebsht\u00eb aseti kryesor i kompanis\u00eb dhe ne n\u00eb codeIT p\u00ebrdorim gjuh\u00ebn e duhur.\" \/>\n<meta property=\"og:url\" content=\"https:\/\/codeit.al\/it\/\" \/>\n<meta property=\"og:site_name\" content=\"CodeIT\" \/>\n<meta property=\"article:publisher\" content=\"https:\/\/www.facebook.com\/Code-IT-shpk-1922218121419737\/\" \/>\n<meta property=\"article:modified_time\" content=\"2021-07-14T12:28:05+00:00\" \/>\n<meta name=\"twitter:card\" content=\"summary_large_image\" \/>\n<script type=\"application\/ld+json\" class=\"yoast-schema-graph\">{\"@context\":\"https:\/\/schema.org\",\"@graph\":[{\"@type\":\"WebPage\",\"@id\":\"https:\/\/codeit.al\/\",\"url\":\"https:\/\/codeit.al\/\",\"name\":\"Develop your Brand - CodeIT\",\"isPartOf\":{\"@id\":\"https:\/\/codeit.al\/#website\"},\"datePublished\":\"2020-08-13T10:05:39+00:00\",\"dateModified\":\"2021-07-14T12:28:05+00:00\",\"description\":\"CodeIT dizenjon dhe zhvillon t\u00eb gjitha rrug\u00ebt dixhitale p\u00ebr brandin\/biznesin tuaj. Komunikimi online \u00ebsht\u00eb aseti kryesor i kompanis\u00eb dhe ne n\u00eb codeIT p\u00ebrdorim gjuh\u00ebn e duhur.\",\"inLanguage\":\"it-IT\",\"potentialAction\":[{\"@type\":\"ReadAction\",\"target\":[\"https:\/\/codeit.al\/\"]}]},{\"@type\":\"WebSite\",\"@id\":\"https:\/\/codeit.al\/#website\",\"url\":\"https:\/\/codeit.al\/\",\"name\":\"CodeIT\",\"description\":\"Develop your Brand\",\"potentialAction\":[{\"@type\":\"SearchAction\",\"target\":{\"@type\":\"EntryPoint\",\"urlTemplate\":\"https:\/\/codeit.al\/?s={search_term_string}\"},\"query-input\":{\"@type\":\"PropertyValueSpecification\",\"valueRequired\":true,\"valueName\":\"search_term_string\"}}],\"inLanguage\":\"it-IT\"}]}<\/script>\n<!-- \/ Yoast SEO plugin. -->","yoast_head_json":{"title":"Develop your Brand - CodeIT","description":"CodeIT dizenjon dhe zhvillon t\u00eb gjitha rrug\u00ebt dixhitale p\u00ebr brandin\/biznesin tuaj. Komunikimi online \u00ebsht\u00eb aseti kryesor i kompanis\u00eb dhe ne n\u00eb codeIT p\u00ebrdorim gjuh\u00ebn e duhur.","robots":{"index":"index","follow":"follow","max-snippet":"max-snippet:-1","max-image-preview":"max-image-preview:large","max-video-preview":"max-video-preview:-1"},"canonical":"https:\/\/codeit.al\/it\/","og_locale":"it_IT","og_type":"article","og_title":"Develop your Brand - CodeIT","og_description":"CodeIT dizenjon dhe zhvillon t\u00eb gjitha rrug\u00ebt dixhitale p\u00ebr brandin\/biznesin tuaj. Komunikimi online \u00ebsht\u00eb aseti kryesor i kompanis\u00eb dhe ne n\u00eb codeIT p\u00ebrdorim gjuh\u00ebn e duhur.","og_url":"https:\/\/codeit.al\/it\/","og_site_name":"CodeIT","article_publisher":"https:\/\/www.facebook.com\/Code-IT-shpk-1922218121419737\/","article_modified_time":"2021-07-14T12:28:05+00:00","twitter_card":"summary_large_image","schema":{"@context":"https:\/\/schema.org","@graph":[{"@type":"WebPage","@id":"https:\/\/codeit.al\/","url":"https:\/\/codeit.al\/","name":"Develop your Brand - CodeIT","isPartOf":{"@id":"https:\/\/codeit.al\/#website"},"datePublished":"2020-08-13T10:05:39+00:00","dateModified":"2021-07-14T12:28:05+00:00","description":"CodeIT dizenjon dhe zhvillon t\u00eb gjitha rrug\u00ebt dixhitale p\u00ebr brandin\/biznesin tuaj. Komunikimi online \u00ebsht\u00eb aseti kryesor i kompanis\u00eb dhe ne n\u00eb codeIT p\u00ebrdorim gjuh\u00ebn e duhur.","inLanguage":"it-IT","potentialAction":[{"@type":"ReadAction","target":["https:\/\/codeit.al\/"]}]},{"@type":"WebSite","@id":"https:\/\/codeit.al\/#website","url":"https:\/\/codeit.al\/","name":"CodeIT","description":"Develop your Brand","potentialAction":[{"@type":"SearchAction","target":{"@type":"EntryPoint","urlTemplate":"https:\/\/codeit.al\/?s={search_term_string}"},"query-input":{"@type":"PropertyValueSpecification","valueRequired":true,"valueName":"search_term_string"}}],"inLanguage":"it-IT"}]}},"_links":{"self":[{"href":"https:\/\/codeit.al\/it\/wp-json\/wp\/v2\/pages\/11","targetHints":{"allow":["GET"]}}],"collection":[{"href":"https:\/\/codeit.al\/it\/wp-json\/wp\/v2\/pages"}],"about":[{"href":"https:\/\/codeit.al\/it\/wp-json\/wp\/v2\/types\/page"}],"author":[{"embeddable":true,"href":"https:\/\/codeit.al\/it\/wp-json\/wp\/v2\/users\/1"}],"replies":[{"embeddable":true,"href":"https:\/\/codeit.al\/it\/wp-json\/wp\/v2\/comments?post=11"}],"version-history":[{"count":0,"href":"https:\/\/codeit.al\/it\/wp-json\/wp\/v2\/pages\/11\/revisions"}],"wp:attachment":[{"href":"https:\/\/codeit.al\/it\/wp-json\/wp\/v2\/media?parent=11"}],"curies":[{"name":"wp","href":"https:\/\/api.w.org\/{rel}","templated":true}]}}