{"id":27,"date":"2020-08-13T10:17:25","date_gmt":"2020-08-13T10:17:25","guid":{"rendered":"https:\/\/codeit.al\/?page_id=27"},"modified":"2021-07-15T15:24:14","modified_gmt":"2021-07-15T15:24:14","slug":"web-development","status":"publish","type":"page","link":"https:\/\/codeit.al\/it\/services\/web-development\/","title":{"rendered":"Web Development"},"content":{"rendered":"<p>Web Development &#038; Web Application stanno crescendo rapidamente in tutto il mondo come strumento di sviluppo aziendale. Con un sito Web ben sviluppato, i clienti vengono sintonizzati e cercano ci\u00f2 di cui hanno bisogno.<\/p>\n<p>CodeIt fa una completa applicazione dell\u2019ultimo software che ti offre innovazione e creativit\u00e0 attraverso la codifica.<\/p>\n<p>La vita di oggi \u00e8 prevalentemente basata su computer, quindi vogliamo venire da te creando siti Web perfettamente adattati alle tue esigenze e con tutte le funzionalit\u00e0 necessarie per offrirti soluzioni e facilit\u00e0 di navigazione.<\/p>\n<h2>Cosa vi offre \u201ccodeIT\u201d?<\/h2>\n<ol>\n<li>Esperti di progettazione e sviluppo<\/li>\n<li>Soluzioni convenienti<\/li>\n<li>Assistenza e manutenzione personalizzate<\/li>\n<li>Processo semplificato<\/li>\n<li>Design amichevole<\/li>\n<li>Velocit\u00e0 e sicurezza<\/li>\n<\/ol>\n<p>Il gruppo di lavoro differisce nell\u2019ottimizzazione del frontend e opera su piattaforme CMS\u00a0 come, WordPress, Joomla e Drupal.<\/p>\n<p>I linguaggi di programmazione che utilizziamo sono: php, javascript e Laravel &#038; Codeigniter Framework.<\/p>\n<p>Il nostro team si impegna ad analizzare ci\u00f2 che i clienti desiderano per i loro utenti.<\/p>\n<p>E una volta chiariti i requisiti, inizia il lavoro:<\/p>\n<ul>\n<li>Costruiamo il tuo sito Web utilizzando diversi sistemi di gestione dei contenuti.<\/li>\n<li>Implementiamo applicazioni software utilizzando framework innovativi che aiutano a costruire l\u2019applicazione pi\u00f9 velocemente e raggiungere una struttura unificata.<\/li>\n<\/ul>\n<p>CodeIT segue la strategia di sviluppo di applicazioni web incentrate sull\u2019utente.<\/p>\n<p>\u00c8 molto importante che l\u2019applicazione comunichi e soddisfi le esigenze dei clienti.<\/p>\n<p>Il tuo business crescera creando un\u2019esperienza credibile per il utente.<\/p>\n<p>Gli sviluppatori Web di CodeIT sono specializzati in questo settore. L\u2019esperienza del nostro personale nel settore pubblico e privato nei mercati albanese ed estero ti offre la migliore soluzione in base alle esigenze del cliente.<\/p>\n<p>CodeIT \u00e8 una societ\u00e0 specializzata nella costruzione di sistemi web. Il gruppo di lavoro si impegna a garantire che il sito svolga tutte le sue funzioni.<\/p>\n<p>L\u2019app Web ti offre facilit\u00e0 d\u2019uso perch\u00e9:<\/p>\n<ul>\n<li>Nessuna installazione necessaria<\/li>\n<\/ul>\n<p>Le applicazioni Web funzionano come browser, non \u00e8 necessario installarle sul dispositivo. Utilizzando un\u2019applicazione Web, si evita di utilizzare la memoria del software di installazione su qualsiasi dispositivo. Poich\u00e9 ogni computer ha un browser, il tempo di installazione \u00e8 molto veloce. I requisiti di manutenzione sono generalmente molto pi\u00f9 bassi.<\/p>\n<ul>\n<li>Possono passare attraverso diversi sistemi operativi<\/li>\n<\/ul>\n<p>I dispositivi suddivisi in diversi sistemi operativi rappresentano un ostacolo al software. L\u2019applicazione Web risolve questo problema.<\/p>\n<ul>\n<li>L\u2019accessibilit\u00e0 \u00e8 massima<\/li>\n<\/ul>\n<p>Dato che i sistemi aziendali creati da applicazioni Web sono basati sul Web, \u00e8 possibile accedervi 24 ore su 24, 7 giorni su 7, purch\u00e9 si disponga di una connessione Internet. Inoltre, le applicazioni Web sono completamente flessibili e forniscono l\u2019accesso da quasi tutti i dispositivi e ovunque.<\/p>\n<p>Il software basato su desktop deve essere aggiornato e il team \u201cCodeIT\u201d garantisce che la tua azienda sia sempre protetta da violazioni della sicurezza.<\/p>\n<ul>\n<li>Migliora l\u2019efficienza<\/li>\n<\/ul>\n<p>Le applicazioni Web consentono di semplificare i processi aziendali in modo da poter svolgere pi\u00f9 lavoro in meno tempo e con maggiore precisione. Inoltre, avere tutti i tuoi dati integrati in un\u2019unica posizione ti offre una maggiore visibilit\u00e0 della tua attivit\u00e0. Quindi, libera il tempo del personale e consenti loro di eseguire report aggiornati con informazioni in tempo reale.<\/p>\n","protected":false},"excerpt":{"rendered":"<p>Web Development &#038; Web Application stanno crescendo rapidamente in tutto il mondo come strumento di sviluppo aziendale. Con un sito Web ben sviluppato, i clienti vengono sintonizzati e cercano ci\u00f2 di cui hanno bisogno. CodeIt fa una completa applicazione dell\u2019ultimo software che ti offre innovazione e creativit\u00e0 attraverso la codifica. La vita di oggi \u00e8 [&hellip;]<\/p>\n","protected":false},"author":1,"featured_media":131,"parent":17,"menu_order":0,"comment_status":"closed","ping_status":"closed","template":"template-web.php","meta":{"footnotes":""},"class_list":["post-27","page","type-page","status-publish","has-post-thumbnail","hentry"],"yoast_head":"<!-- This site is optimized with the Yoast SEO plugin v23.5 - https:\/\/yoast.com\/wordpress\/plugins\/seo\/ -->\n<title>Web Development<\/title>\n<meta name=\"robots\" content=\"index, follow, max-snippet:-1, max-image-preview:large, max-video-preview:-1\" \/>\n<link rel=\"canonical\" href=\"https:\/\/codeit.al\/it\/services\/web-development\/\" \/>\n<meta property=\"og:locale\" content=\"it_IT\" \/>\n<meta property=\"og:locale:alternate\" content=\"en_US\" \/>\n<meta property=\"og:locale:alternate\" content=\"sq_AL\" \/>\n<meta property=\"og:type\" content=\"article\" \/>\n<meta property=\"og:title\" content=\"Web Development\" \/>\n<meta property=\"og:description\" content=\"Web Development &amp; Web Application stanno crescendo rapidamente in tutto il mondo come strumento di sviluppo aziendale. Con un sito Web ben sviluppato, i clienti vengono sintonizzati e cercano ci\u00f2 di cui hanno bisogno. CodeIt fa una completa applicazione dell\u2019ultimo software che ti offre innovazione e creativit\u00e0 attraverso la codifica. La vita di oggi \u00e8 [&hellip;]\" \/>\n<meta property=\"og:url\" content=\"https:\/\/codeit.al\/it\/services\/web-development\/\" \/>\n<meta property=\"og:site_name\" content=\"CodeIT\" \/>\n<meta property=\"article:publisher\" content=\"https:\/\/www.facebook.com\/Code-IT-shpk-1922218121419737\/\" \/>\n<meta property=\"article:modified_time\" content=\"2021-07-15T15:24:14+00:00\" \/>\n<meta property=\"og:image\" content=\"https:\/\/codeit.al\/wp-content\/uploads\/2020\/08\/service-web-1255x1200-1.jpg\" \/>\n\t<meta property=\"og:image:width\" content=\"1255\" \/>\n\t<meta property=\"og:image:height\" content=\"1200\" \/>\n\t<meta property=\"og:image:type\" content=\"image\/jpeg\" \/>\n<meta name=\"twitter:card\" content=\"summary_large_image\" \/>\n<meta name=\"twitter:label1\" content=\"Tempo di lettura stimato\" \/>\n\t<meta name=\"twitter:data1\" content=\"8 minuti\" \/>\n<script type=\"application\/ld+json\" class=\"yoast-schema-graph\">{\"@context\":\"https:\/\/schema.org\",\"@graph\":[{\"@type\":\"WebPage\",\"@id\":\"https:\/\/codeit.al\/services\/web-development\/\",\"url\":\"https:\/\/codeit.al\/services\/web-development\/\",\"name\":\"Web Development\",\"isPartOf\":{\"@id\":\"https:\/\/codeit.al\/#website\"},\"primaryImageOfPage\":{\"@id\":\"https:\/\/codeit.al\/services\/web-development\/#primaryimage\"},\"image\":{\"@id\":\"https:\/\/codeit.al\/services\/web-development\/#primaryimage\"},\"thumbnailUrl\":\"https:\/\/codeit.al\/wp-content\/uploads\/2020\/08\/service-web-1255x1200-1.jpg\",\"datePublished\":\"2020-08-13T10:17:25+00:00\",\"dateModified\":\"2021-07-15T15:24:14+00:00\",\"breadcrumb\":{\"@id\":\"https:\/\/codeit.al\/services\/web-development\/#breadcrumb\"},\"inLanguage\":\"it-IT\",\"potentialAction\":[{\"@type\":\"ReadAction\",\"target\":[\"https:\/\/codeit.al\/services\/web-development\/\"]}]},{\"@type\":\"ImageObject\",\"inLanguage\":\"it-IT\",\"@id\":\"https:\/\/codeit.al\/services\/web-development\/#primaryimage\",\"url\":\"https:\/\/codeit.al\/wp-content\/uploads\/2020\/08\/service-web-1255x1200-1.jpg\",\"contentUrl\":\"https:\/\/codeit.al\/wp-content\/uploads\/2020\/08\/service-web-1255x1200-1.jpg\",\"width\":1255,\"height\":1200},{\"@type\":\"BreadcrumbList\",\"@id\":\"https:\/\/codeit.al\/services\/web-development\/#breadcrumb\",\"itemListElement\":[{\"@type\":\"ListItem\",\"position\":1,\"name\":\"Services\",\"item\":\"https:\/\/codeit.al\/services\/\"},{\"@type\":\"ListItem\",\"position\":2,\"name\":\"Web Development\"}]},{\"@type\":\"WebSite\",\"@id\":\"https:\/\/codeit.al\/#website\",\"url\":\"https:\/\/codeit.al\/\",\"name\":\"CodeIT\",\"description\":\"Develop your Brand\",\"potentialAction\":[{\"@type\":\"SearchAction\",\"target\":{\"@type\":\"EntryPoint\",\"urlTemplate\":\"https:\/\/codeit.al\/?s={search_term_string}\"},\"query-input\":{\"@type\":\"PropertyValueSpecification\",\"valueRequired\":true,\"valueName\":\"search_term_string\"}}],\"inLanguage\":\"it-IT\"}]}<\/script>\n<!-- \/ Yoast SEO plugin. -->","yoast_head_json":{"title":"Web Development","robots":{"index":"index","follow":"follow","max-snippet":"max-snippet:-1","max-image-preview":"max-image-preview:large","max-video-preview":"max-video-preview:-1"},"canonical":"https:\/\/codeit.al\/it\/services\/web-development\/","og_locale":"it_IT","og_type":"article","og_title":"[:en]Web Development[:it]Web Development[:sq]Web Development[:] - CodeIT","og_description":"Web Development &#038; Web Application stanno crescendo rapidamente in tutto il mondo come strumento di sviluppo aziendale. Con un sito Web ben sviluppato, i clienti vengono sintonizzati e cercano ci\u00f2 di cui hanno bisogno. CodeIt fa una completa applicazione dell\u2019ultimo software che ti offre innovazione e creativit\u00e0 attraverso la codifica. La vita di oggi \u00e8 [&hellip;]","og_url":"https:\/\/codeit.al\/it\/services\/web-development\/","og_site_name":"CodeIT","article_publisher":"https:\/\/www.facebook.com\/Code-IT-shpk-1922218121419737\/","article_modified_time":"2021-07-15T15:24:14+00:00","og_image":[{"width":1255,"height":1200,"url":"https:\/\/codeit.al\/wp-content\/uploads\/2020\/08\/service-web-1255x1200-1.jpg","type":"image\/jpeg"}],"twitter_card":"summary_large_image","twitter_misc":{"Tempo di lettura stimato":"8 minuti"},"schema":{"@context":"https:\/\/schema.org","@graph":[{"@type":"WebPage","@id":"https:\/\/codeit.al\/services\/web-development\/","url":"https:\/\/codeit.al\/services\/web-development\/","name":"Web Development","isPartOf":{"@id":"https:\/\/codeit.al\/#website"},"primaryImageOfPage":{"@id":"https:\/\/codeit.al\/services\/web-development\/#primaryimage"},"image":{"@id":"https:\/\/codeit.al\/services\/web-development\/#primaryimage"},"thumbnailUrl":"https:\/\/codeit.al\/wp-content\/uploads\/2020\/08\/service-web-1255x1200-1.jpg","datePublished":"2020-08-13T10:17:25+00:00","dateModified":"2021-07-15T15:24:14+00:00","breadcrumb":{"@id":"https:\/\/codeit.al\/services\/web-development\/#breadcrumb"},"inLanguage":"it-IT","potentialAction":[{"@type":"ReadAction","target":["https:\/\/codeit.al\/services\/web-development\/"]}]},{"@type":"ImageObject","inLanguage":"it-IT","@id":"https:\/\/codeit.al\/services\/web-development\/#primaryimage","url":"https:\/\/codeit.al\/wp-content\/uploads\/2020\/08\/service-web-1255x1200-1.jpg","contentUrl":"https:\/\/codeit.al\/wp-content\/uploads\/2020\/08\/service-web-1255x1200-1.jpg","width":1255,"height":1200},{"@type":"BreadcrumbList","@id":"https:\/\/codeit.al\/services\/web-development\/#breadcrumb","itemListElement":[{"@type":"ListItem","position":1,"name":"Services","item":"https:\/\/codeit.al\/services\/"},{"@type":"ListItem","position":2,"name":"Web Development"}]},{"@type":"WebSite","@id":"https:\/\/codeit.al\/#website","url":"https:\/\/codeit.al\/","name":"CodeIT","description":"Develop your Brand","potentialAction":[{"@type":"SearchAction","target":{"@type":"EntryPoint","urlTemplate":"https:\/\/codeit.al\/?s={search_term_string}"},"query-input":{"@type":"PropertyValueSpecification","valueRequired":true,"valueName":"search_term_string"}}],"inLanguage":"it-IT"}]}},"_links":{"self":[{"href":"https:\/\/codeit.al\/it\/wp-json\/wp\/v2\/pages\/27","targetHints":{"allow":["GET"]}}],"collection":[{"href":"https:\/\/codeit.al\/it\/wp-json\/wp\/v2\/pages"}],"about":[{"href":"https:\/\/codeit.al\/it\/wp-json\/wp\/v2\/types\/page"}],"author":[{"embeddable":true,"href":"https:\/\/codeit.al\/it\/wp-json\/wp\/v2\/users\/1"}],"replies":[{"embeddable":true,"href":"https:\/\/codeit.al\/it\/wp-json\/wp\/v2\/comments?post=27"}],"version-history":[{"count":0,"href":"https:\/\/codeit.al\/it\/wp-json\/wp\/v2\/pages\/27\/revisions"}],"up":[{"embeddable":true,"href":"https:\/\/codeit.al\/it\/wp-json\/wp\/v2\/pages\/17"}],"wp:featuredmedia":[{"embeddable":true,"href":"https:\/\/codeit.al\/it\/wp-json\/wp\/v2\/media\/131"}],"wp:attachment":[{"href":"https:\/\/codeit.al\/it\/wp-json\/wp\/v2\/media?parent=27"}],"curies":[{"name":"wp","href":"https:\/\/api.w.org\/{rel}","templated":true}]}}