{"id":31,"date":"2020-08-13T10:20:33","date_gmt":"2020-08-13T10:20:33","guid":{"rendered":"https:\/\/codeit.al\/?page_id=31"},"modified":"2021-07-16T14:56:11","modified_gmt":"2021-07-16T14:56:11","slug":"marketing","status":"publish","type":"page","link":"https:\/\/codeit.al\/it\/services\/marketing\/","title":{"rendered":"Marketing"},"content":{"rendered":"<p>Per la creazione e il mantenimento di una buona immagine, oltre al prodotto \/ servizio, la cosa pi\u00f9 importante \u00e8 come il nome viene visualizzato sul mercato. Come si presenta la propria attivit\u00e0 \/marchio al cliente? Ha raggiunto i canali giusti?<\/p>\n<p>\u201cCodeIT\u201d pensa a raggiungere i tuoi obiettivi e benefici. Il dipartimento marketing progetta e implementa strategie contemporanee e di successo per il tuo posizionamento nel mercato.<\/p>\n<p>Pertanto, sulla base delle nostre esperienze pluriennali, offriamo servizi mirati:<\/p>\n<ul>\n<li>Concetto strategia di marketing Business \/Marchio<\/li>\n<li>Marketing digitale<\/li>\n<li>Content Marketing<\/li>\n<\/ul>\n<h2>CONCETTO DI STRATEGIA BUSINESS\/BRAND<\/h2>\n<p>La complessit\u00e0 del mondo degli affari provoca continui cambiamenti nella teoria del marketing. Lo sviluppo della tecnologia e della societ\u00e0 stessa, rende difficile trovare la giusta strategia per le prestazioni aziendali.<\/p>\n<p>Nonostante questa complessit\u00e0, ti proponiamo le idee giuste per semplificare il raggiungimento dei tuoi obiettivi.<\/p>\n<ul>\n<li>Studiamo le esigenze del mercato per il tuo prodotto \/servizio<\/li>\n<li>Vantaggi del tuo prodotto \/servizio<\/li>\n<li>Troviamo la tua potenziale clientela<\/li>\n<li>Proponiamo strumenti adeguati per lo sviluppo del piano<\/li>\n<li>Proponiamo il giusto equilibrio tra prezzo e qualit\u00e0<\/li>\n<li>Costruiamo l&#8217;immagine che ti verr\u00e0 presentata<\/li>\n<li>Prevediamo il budget che devi spendere<\/li>\n<\/ul>\n<p>Una buona strategia ti aiuta a camminare pi\u00f9 velocemente e a concentrarti su ci\u00f2 che ti porta pi\u00f9 vantaggi.<\/p>\n<h2><strong>MARKETING<\/strong> DIGITALE<\/h2>\n<p>Il modo pi\u00f9 veloce per presentare il nome \/logo e comunicare con la clientela \u00e8 l&#8217;utilizzo dei social media. In \u201cCodeIT\u201d, la gestione dei media \u00e8 gestita da specialisti del marketing digitale che conoscono meglio il mercato online.<\/p>\n<p>Gestisci i tuoi profili in:<\/p>\n<ul>\n<li>Facebook<\/li>\n<li>Instagram<\/li>\n<li>LinkedIn<\/li>\n<li>Pinterest<\/li>\n<li>Twitter<\/li>\n<li>Youtube etc\u2026<\/li>\n<\/ul>\n<p>Innanzitutto, conduciamo un sondaggio aziendale, in secondo luogo analizziamo i vantaggi e gli svantaggi delle pubblicazioni online e quindi proponiamo un calendario mensile. Iniziamo un test di cooperazione 1-3 mesi e poi firmiamo un contratto di assistenza di un anno.<\/p>\n<h2><strong>CONTENT MARKETING<\/strong><\/h2>\n<p>Interagisci e attira la tua clientela attraverso contenuti di valore. I nostri giornalisti professionisti creano descrizioni dei contenuti che aiutano a posizionarsi nelle prime pagine di Google. Questo avviene attraverso parole chiave ben studiate.<\/p>\n<p>Creiamo, distribuiamo e monitoriamo contenuti come:<\/p>\n<ul>\n<li>Blog<\/li>\n<li>Video<\/li>\n<li>Landing Page etc\u2026<\/li>\n<\/ul>\n<p>I risultati saranno chiari, aumentando il traffico del sito Web, il riconoscimento del marchio e avvicinando la clientela online. Il processo \u00e8 cos\u00ec:<\/p>\n<ol>\n<li>Sviluppo della strategia di marketing dei contenuti<\/li>\n<li>Approfondimento dei contenuti da parte del pubblico<\/li>\n<li>Creazione di contenuti (pubblicazione)<\/li>\n<li>Distribuzione del contenuto<\/li>\n<li>Analisi e misurazione del contenuto in Analysis-Report<\/li>\n<li>Correzioni e miglioramenti della strategia<\/li>\n<\/ol>\n<p>Crea fiducia e supporto per i tuoi clienti fornendo loro tutte le informazioni di cui hanno bisogno per indirizzarli per soddisfare le loro esigenze. Contenuti efficaci ti aiutano a creare la tua autorit\u00e0 di mercato e aumentano la fedelt\u00e0 del tuo pubblico.<\/p>\n","protected":false},"excerpt":{"rendered":"<p>Per la creazione e il mantenimento di una buona immagine, oltre al prodotto \/ servizio, la cosa pi\u00f9 importante \u00e8 come il nome viene visualizzato sul mercato. Come si presenta la propria attivit\u00e0 \/marchio al cliente? Ha raggiunto i canali giusti? \u201cCodeIT\u201d pensa a raggiungere i tuoi obiettivi e benefici. Il dipartimento marketing progetta e [&hellip;]<\/p>\n","protected":false},"author":1,"featured_media":146,"parent":17,"menu_order":0,"comment_status":"closed","ping_status":"closed","template":"template-marketing.php","meta":{"footnotes":""},"class_list":["post-31","page","type-page","status-publish","has-post-thumbnail","hentry"],"yoast_head":"<!-- This site is optimized with the Yoast SEO plugin v23.5 - https:\/\/yoast.com\/wordpress\/plugins\/seo\/ -->\n<title>Marketing<\/title>\n<meta name=\"robots\" content=\"index, follow, max-snippet:-1, max-image-preview:large, max-video-preview:-1\" \/>\n<link rel=\"canonical\" href=\"https:\/\/codeit.al\/it\/services\/marketing\/\" \/>\n<meta property=\"og:locale\" content=\"it_IT\" \/>\n<meta property=\"og:locale:alternate\" content=\"en_US\" \/>\n<meta property=\"og:locale:alternate\" content=\"sq_AL\" \/>\n<meta property=\"og:type\" content=\"article\" \/>\n<meta property=\"og:title\" content=\"Marketing\" \/>\n<meta property=\"og:description\" content=\"Per la creazione e il mantenimento di una buona immagine, oltre al prodotto \/ servizio, la cosa pi\u00f9 importante \u00e8 come il nome viene visualizzato sul mercato. Come si presenta la propria attivit\u00e0 \/marchio al cliente? Ha raggiunto i canali giusti? \u201cCodeIT\u201d pensa a raggiungere i tuoi obiettivi e benefici. Il dipartimento marketing progetta e [&hellip;]\" \/>\n<meta property=\"og:url\" content=\"https:\/\/codeit.al\/it\/services\/marketing\/\" \/>\n<meta property=\"og:site_name\" content=\"CodeIT\" \/>\n<meta property=\"article:publisher\" content=\"https:\/\/www.facebook.com\/Code-IT-shpk-1922218121419737\/\" \/>\n<meta property=\"article:modified_time\" content=\"2021-07-16T14:56:11+00:00\" \/>\n<meta property=\"og:image\" content=\"https:\/\/codeit.al\/wp-content\/uploads\/2020\/08\/marketing2-768x443-1.png\" \/>\n\t<meta property=\"og:image:width\" content=\"768\" \/>\n\t<meta property=\"og:image:height\" content=\"443\" \/>\n\t<meta property=\"og:image:type\" content=\"image\/png\" \/>\n<meta name=\"twitter:card\" content=\"summary_large_image\" \/>\n<meta name=\"twitter:label1\" content=\"Tempo di lettura stimato\" \/>\n\t<meta name=\"twitter:data1\" content=\"7 minuti\" \/>\n<script type=\"application\/ld+json\" class=\"yoast-schema-graph\">{\"@context\":\"https:\/\/schema.org\",\"@graph\":[{\"@type\":\"WebPage\",\"@id\":\"https:\/\/codeit.al\/services\/marketing\/\",\"url\":\"https:\/\/codeit.al\/services\/marketing\/\",\"name\":\"Marketing\",\"isPartOf\":{\"@id\":\"https:\/\/codeit.al\/#website\"},\"primaryImageOfPage\":{\"@id\":\"https:\/\/codeit.al\/services\/marketing\/#primaryimage\"},\"image\":{\"@id\":\"https:\/\/codeit.al\/services\/marketing\/#primaryimage\"},\"thumbnailUrl\":\"https:\/\/codeit.al\/wp-content\/uploads\/2020\/08\/marketing2-768x443-1.png\",\"datePublished\":\"2020-08-13T10:20:33+00:00\",\"dateModified\":\"2021-07-16T14:56:11+00:00\",\"breadcrumb\":{\"@id\":\"https:\/\/codeit.al\/services\/marketing\/#breadcrumb\"},\"inLanguage\":\"it-IT\",\"potentialAction\":[{\"@type\":\"ReadAction\",\"target\":[\"https:\/\/codeit.al\/services\/marketing\/\"]}]},{\"@type\":\"ImageObject\",\"inLanguage\":\"it-IT\",\"@id\":\"https:\/\/codeit.al\/services\/marketing\/#primaryimage\",\"url\":\"https:\/\/codeit.al\/wp-content\/uploads\/2020\/08\/marketing2-768x443-1.png\",\"contentUrl\":\"https:\/\/codeit.al\/wp-content\/uploads\/2020\/08\/marketing2-768x443-1.png\",\"width\":768,\"height\":443},{\"@type\":\"BreadcrumbList\",\"@id\":\"https:\/\/codeit.al\/services\/marketing\/#breadcrumb\",\"itemListElement\":[{\"@type\":\"ListItem\",\"position\":1,\"name\":\"Services\",\"item\":\"https:\/\/codeit.al\/services\/\"},{\"@type\":\"ListItem\",\"position\":2,\"name\":\"Marketing\"}]},{\"@type\":\"WebSite\",\"@id\":\"https:\/\/codeit.al\/#website\",\"url\":\"https:\/\/codeit.al\/\",\"name\":\"CodeIT\",\"description\":\"Develop your Brand\",\"potentialAction\":[{\"@type\":\"SearchAction\",\"target\":{\"@type\":\"EntryPoint\",\"urlTemplate\":\"https:\/\/codeit.al\/?s={search_term_string}\"},\"query-input\":{\"@type\":\"PropertyValueSpecification\",\"valueRequired\":true,\"valueName\":\"search_term_string\"}}],\"inLanguage\":\"it-IT\"}]}<\/script>\n<!-- \/ Yoast SEO plugin. -->","yoast_head_json":{"title":"Marketing","robots":{"index":"index","follow":"follow","max-snippet":"max-snippet:-1","max-image-preview":"max-image-preview:large","max-video-preview":"max-video-preview:-1"},"canonical":"https:\/\/codeit.al\/it\/services\/marketing\/","og_locale":"it_IT","og_type":"article","og_title":"[:en]Marketing[:it]Marketing[:sq]Marketing[:] - CodeIT","og_description":"Per la creazione e il mantenimento di una buona immagine, oltre al prodotto \/ servizio, la cosa pi\u00f9 importante \u00e8 come il nome viene visualizzato sul mercato. Come si presenta la propria attivit\u00e0 \/marchio al cliente? Ha raggiunto i canali giusti? \u201cCodeIT\u201d pensa a raggiungere i tuoi obiettivi e benefici. Il dipartimento marketing progetta e [&hellip;]","og_url":"https:\/\/codeit.al\/it\/services\/marketing\/","og_site_name":"CodeIT","article_publisher":"https:\/\/www.facebook.com\/Code-IT-shpk-1922218121419737\/","article_modified_time":"2021-07-16T14:56:11+00:00","og_image":[{"width":768,"height":443,"url":"https:\/\/codeit.al\/wp-content\/uploads\/2020\/08\/marketing2-768x443-1.png","type":"image\/png"}],"twitter_card":"summary_large_image","twitter_misc":{"Tempo di lettura stimato":"7 minuti"},"schema":{"@context":"https:\/\/schema.org","@graph":[{"@type":"WebPage","@id":"https:\/\/codeit.al\/services\/marketing\/","url":"https:\/\/codeit.al\/services\/marketing\/","name":"Marketing","isPartOf":{"@id":"https:\/\/codeit.al\/#website"},"primaryImageOfPage":{"@id":"https:\/\/codeit.al\/services\/marketing\/#primaryimage"},"image":{"@id":"https:\/\/codeit.al\/services\/marketing\/#primaryimage"},"thumbnailUrl":"https:\/\/codeit.al\/wp-content\/uploads\/2020\/08\/marketing2-768x443-1.png","datePublished":"2020-08-13T10:20:33+00:00","dateModified":"2021-07-16T14:56:11+00:00","breadcrumb":{"@id":"https:\/\/codeit.al\/services\/marketing\/#breadcrumb"},"inLanguage":"it-IT","potentialAction":[{"@type":"ReadAction","target":["https:\/\/codeit.al\/services\/marketing\/"]}]},{"@type":"ImageObject","inLanguage":"it-IT","@id":"https:\/\/codeit.al\/services\/marketing\/#primaryimage","url":"https:\/\/codeit.al\/wp-content\/uploads\/2020\/08\/marketing2-768x443-1.png","contentUrl":"https:\/\/codeit.al\/wp-content\/uploads\/2020\/08\/marketing2-768x443-1.png","width":768,"height":443},{"@type":"BreadcrumbList","@id":"https:\/\/codeit.al\/services\/marketing\/#breadcrumb","itemListElement":[{"@type":"ListItem","position":1,"name":"Services","item":"https:\/\/codeit.al\/services\/"},{"@type":"ListItem","position":2,"name":"Marketing"}]},{"@type":"WebSite","@id":"https:\/\/codeit.al\/#website","url":"https:\/\/codeit.al\/","name":"CodeIT","description":"Develop your Brand","potentialAction":[{"@type":"SearchAction","target":{"@type":"EntryPoint","urlTemplate":"https:\/\/codeit.al\/?s={search_term_string}"},"query-input":{"@type":"PropertyValueSpecification","valueRequired":true,"valueName":"search_term_string"}}],"inLanguage":"it-IT"}]}},"_links":{"self":[{"href":"https:\/\/codeit.al\/it\/wp-json\/wp\/v2\/pages\/31","targetHints":{"allow":["GET"]}}],"collection":[{"href":"https:\/\/codeit.al\/it\/wp-json\/wp\/v2\/pages"}],"about":[{"href":"https:\/\/codeit.al\/it\/wp-json\/wp\/v2\/types\/page"}],"author":[{"embeddable":true,"href":"https:\/\/codeit.al\/it\/wp-json\/wp\/v2\/users\/1"}],"replies":[{"embeddable":true,"href":"https:\/\/codeit.al\/it\/wp-json\/wp\/v2\/comments?post=31"}],"version-history":[{"count":0,"href":"https:\/\/codeit.al\/it\/wp-json\/wp\/v2\/pages\/31\/revisions"}],"up":[{"embeddable":true,"href":"https:\/\/codeit.al\/it\/wp-json\/wp\/v2\/pages\/17"}],"wp:featuredmedia":[{"embeddable":true,"href":"https:\/\/codeit.al\/it\/wp-json\/wp\/v2\/media\/146"}],"wp:attachment":[{"href":"https:\/\/codeit.al\/it\/wp-json\/wp\/v2\/media?parent=31"}],"curies":[{"name":"wp","href":"https:\/\/api.w.org\/{rel}","templated":true}]}}