{"id":35,"date":"2020-08-13T10:22:10","date_gmt":"2020-08-13T10:22:10","guid":{"rendered":"https:\/\/codeit.al\/?page_id=35"},"modified":"2021-07-16T13:30:36","modified_gmt":"2021-07-16T13:30:36","slug":"mobile","status":"publish","type":"page","link":"https:\/\/codeit.al\/it\/services\/mobile\/","title":{"rendered":"Mobile"},"content":{"rendered":"<p>Le applicazioni mobili stanno diventando sempre pi\u00f9 popolari tra le aziende e i fornitori di servizi. Sono gi\u00e0 essenziali per ottenere una comunicazione efficace con i clienti mirati e hanno un grande valore nel marketing.<\/p>\n<p>Vieni da \u201cCodeIT\u201d!<\/p>\n<p>Siamo in grado di gestire progetti che vanno da applicazioni piccole e semplici a applicazioni complesse.<\/p>\n<p>Abbiamo un ampio portafoglio nella progettazione e sviluppo di app per piattaforme iOS e Android. Gestiamo anche progetti per qualsiasi tipo di industria e possiamo creare la tua applicazione da zero.<\/p>\n<p>CodeIT ha selezionato un team di esperti per sviluppare le tue applicazioni mobili nel miglior modo possibile.<\/p>\n<p>Il gruppo di lavoro elabora utilizzando varie piattaforme come Android Studio e Swift.<\/p>\n<p>Funzionalit\u00e0 e facilit\u00e0 d\u2019uso sono punti chiave per la tua applicazione.<\/p>\n<p>La tecnologia che abbiamo selezionato offre un design semplice dell\u2019interfaccia utente.<\/p>\n<p>Lo sviluppo di app mobili \u00e8 prezioso per i nostri clienti in patria e all\u2019estero.<\/p>\n<p>Se vuoi convertire le tue idee in app mobili di successo, siamo qui per aiutarti con idee innovative! Aumentare l\u2019accesso online a prodotti e servizi combinati di alta qualit\u00e0 e basso costo \u00e8 ci\u00f2 di cui hai bisogno per la tua applicazione mobile. Un servizio del genere lo trovi solo su \u201cCodeIT\u201d!<\/p>\n<p><strong>I servizi offerti dall\u2019app mobile sono numerosi:<\/strong><\/p>\n<p><strong>1.<\/strong>\u00a0<strong>Comunicazione diretta con il cliente.<\/strong><\/p>\n<p>Le app mobili hanno dimostrato di essere veloci ed efficaci per coinvolgere gli interessi dei clienti e comunicare prodotti, nuovi servizi, offerte promozionali e tariffe scontate.<\/p>\n<p><strong>2.<\/strong>\u00a0<strong>Un maggiore riconoscimento crea la fedelt\u00e0 del cliente<\/strong><\/p>\n<p>Costruire la fedelt\u00e0 dei clienti \u00e8 un aspetto critico e complesso del marketing di un\u2019azienda. Le applicazioni aziendali aiutano a facilitare questo percorso sviluppando un collegamento tra il cliente e il marchio attraverso annunci in corso.<\/p>\n<p><strong>3.<\/strong>\u00a0<strong>Ti aiuta a fare la differenza dalla folla<\/strong><\/p>\n<p>Le applicazioni mobili sono ancora sottosviluppate. Quindi, avendo un\u2019app per la tua azienda, puoi attirare l\u2019attenzione di potenziali clienti e catturare l\u2019interesse di una grande quota di mercato. E gestendo efficacemente il coinvolgimento dei clienti costruisci una forte fidelizzazione dei clienti.<\/p>\n","protected":false},"excerpt":{"rendered":"<p>Le applicazioni mobili stanno diventando sempre pi\u00f9 popolari tra le aziende e i fornitori di servizi. Sono gi\u00e0 essenziali per ottenere una comunicazione efficace con i clienti mirati e hanno un grande valore nel marketing. Vieni da \u201cCodeIT\u201d! Siamo in grado di gestire progetti che vanno da applicazioni piccole e semplici a applicazioni complesse. Abbiamo [&hellip;]<\/p>\n","protected":false},"author":1,"featured_media":139,"parent":17,"menu_order":0,"comment_status":"closed","ping_status":"closed","template":"template-app.php","meta":{"footnotes":""},"class_list":["post-35","page","type-page","status-publish","has-post-thumbnail","hentry"],"yoast_head":"<!-- This site is optimized with the Yoast SEO plugin v23.5 - https:\/\/yoast.com\/wordpress\/plugins\/seo\/ -->\n<title>Mobile<\/title>\n<meta name=\"robots\" content=\"index, follow, max-snippet:-1, max-image-preview:large, max-video-preview:-1\" \/>\n<link rel=\"canonical\" href=\"https:\/\/codeit.al\/it\/services\/mobile\/\" \/>\n<meta property=\"og:locale\" content=\"it_IT\" \/>\n<meta property=\"og:locale:alternate\" content=\"en_US\" \/>\n<meta property=\"og:locale:alternate\" content=\"sq_AL\" \/>\n<meta property=\"og:type\" content=\"article\" \/>\n<meta property=\"og:title\" content=\"Mobile\" \/>\n<meta property=\"og:description\" content=\"Le applicazioni mobili stanno diventando sempre pi\u00f9 popolari tra le aziende e i fornitori di servizi. Sono gi\u00e0 essenziali per ottenere una comunicazione efficace con i clienti mirati e hanno un grande valore nel marketing. Vieni da \u201cCodeIT\u201d! Siamo in grado di gestire progetti che vanno da applicazioni piccole e semplici a applicazioni complesse. Abbiamo [&hellip;]\" \/>\n<meta property=\"og:url\" content=\"https:\/\/codeit.al\/it\/services\/mobile\/\" \/>\n<meta property=\"og:site_name\" content=\"CodeIT\" \/>\n<meta property=\"article:publisher\" content=\"https:\/\/www.facebook.com\/Code-IT-shpk-1922218121419737\/\" \/>\n<meta property=\"article:modified_time\" content=\"2021-07-16T13:30:36+00:00\" \/>\n<meta property=\"og:image\" content=\"https:\/\/codeit.al\/wp-content\/uploads\/2020\/08\/mobile-app.png\" \/>\n\t<meta property=\"og:image:width\" content=\"1616\" \/>\n\t<meta property=\"og:image:height\" content=\"808\" \/>\n\t<meta property=\"og:image:type\" content=\"image\/png\" \/>\n<meta name=\"twitter:card\" content=\"summary_large_image\" \/>\n<meta name=\"twitter:label1\" content=\"Tempo di lettura stimato\" \/>\n\t<meta name=\"twitter:data1\" content=\"6 minuti\" \/>\n<script type=\"application\/ld+json\" class=\"yoast-schema-graph\">{\"@context\":\"https:\/\/schema.org\",\"@graph\":[{\"@type\":\"WebPage\",\"@id\":\"https:\/\/codeit.al\/services\/mobile\/\",\"url\":\"https:\/\/codeit.al\/services\/mobile\/\",\"name\":\"Mobile\",\"isPartOf\":{\"@id\":\"https:\/\/codeit.al\/#website\"},\"primaryImageOfPage\":{\"@id\":\"https:\/\/codeit.al\/services\/mobile\/#primaryimage\"},\"image\":{\"@id\":\"https:\/\/codeit.al\/services\/mobile\/#primaryimage\"},\"thumbnailUrl\":\"https:\/\/codeit.al\/wp-content\/uploads\/2020\/08\/mobile-app.png\",\"datePublished\":\"2020-08-13T10:22:10+00:00\",\"dateModified\":\"2021-07-16T13:30:36+00:00\",\"breadcrumb\":{\"@id\":\"https:\/\/codeit.al\/services\/mobile\/#breadcrumb\"},\"inLanguage\":\"it-IT\",\"potentialAction\":[{\"@type\":\"ReadAction\",\"target\":[\"https:\/\/codeit.al\/services\/mobile\/\"]}]},{\"@type\":\"ImageObject\",\"inLanguage\":\"it-IT\",\"@id\":\"https:\/\/codeit.al\/services\/mobile\/#primaryimage\",\"url\":\"https:\/\/codeit.al\/wp-content\/uploads\/2020\/08\/mobile-app.png\",\"contentUrl\":\"https:\/\/codeit.al\/wp-content\/uploads\/2020\/08\/mobile-app.png\",\"width\":1616,\"height\":808},{\"@type\":\"BreadcrumbList\",\"@id\":\"https:\/\/codeit.al\/services\/mobile\/#breadcrumb\",\"itemListElement\":[{\"@type\":\"ListItem\",\"position\":1,\"name\":\"Services\",\"item\":\"https:\/\/codeit.al\/services\/\"},{\"@type\":\"ListItem\",\"position\":2,\"name\":\"App Development\"}]},{\"@type\":\"WebSite\",\"@id\":\"https:\/\/codeit.al\/#website\",\"url\":\"https:\/\/codeit.al\/\",\"name\":\"CodeIT\",\"description\":\"Develop your Brand\",\"potentialAction\":[{\"@type\":\"SearchAction\",\"target\":{\"@type\":\"EntryPoint\",\"urlTemplate\":\"https:\/\/codeit.al\/?s={search_term_string}\"},\"query-input\":{\"@type\":\"PropertyValueSpecification\",\"valueRequired\":true,\"valueName\":\"search_term_string\"}}],\"inLanguage\":\"it-IT\"}]}<\/script>\n<!-- \/ Yoast SEO plugin. -->","yoast_head_json":{"title":"Mobile","robots":{"index":"index","follow":"follow","max-snippet":"max-snippet:-1","max-image-preview":"max-image-preview:large","max-video-preview":"max-video-preview:-1"},"canonical":"https:\/\/codeit.al\/it\/services\/mobile\/","og_locale":"it_IT","og_type":"article","og_title":"[:en]App Development[:it]Mobile[:sq]Mobile[:] - CodeIT","og_description":"Le applicazioni mobili stanno diventando sempre pi\u00f9 popolari tra le aziende e i fornitori di servizi. Sono gi\u00e0 essenziali per ottenere una comunicazione efficace con i clienti mirati e hanno un grande valore nel marketing. Vieni da \u201cCodeIT\u201d! Siamo in grado di gestire progetti che vanno da applicazioni piccole e semplici a applicazioni complesse. Abbiamo [&hellip;]","og_url":"https:\/\/codeit.al\/it\/services\/mobile\/","og_site_name":"CodeIT","article_publisher":"https:\/\/www.facebook.com\/Code-IT-shpk-1922218121419737\/","article_modified_time":"2021-07-16T13:30:36+00:00","og_image":[{"width":1616,"height":808,"url":"https:\/\/codeit.al\/wp-content\/uploads\/2020\/08\/mobile-app.png","type":"image\/png"}],"twitter_card":"summary_large_image","twitter_misc":{"Tempo di lettura stimato":"6 minuti"},"schema":{"@context":"https:\/\/schema.org","@graph":[{"@type":"WebPage","@id":"https:\/\/codeit.al\/services\/mobile\/","url":"https:\/\/codeit.al\/services\/mobile\/","name":"Mobile","isPartOf":{"@id":"https:\/\/codeit.al\/#website"},"primaryImageOfPage":{"@id":"https:\/\/codeit.al\/services\/mobile\/#primaryimage"},"image":{"@id":"https:\/\/codeit.al\/services\/mobile\/#primaryimage"},"thumbnailUrl":"https:\/\/codeit.al\/wp-content\/uploads\/2020\/08\/mobile-app.png","datePublished":"2020-08-13T10:22:10+00:00","dateModified":"2021-07-16T13:30:36+00:00","breadcrumb":{"@id":"https:\/\/codeit.al\/services\/mobile\/#breadcrumb"},"inLanguage":"it-IT","potentialAction":[{"@type":"ReadAction","target":["https:\/\/codeit.al\/services\/mobile\/"]}]},{"@type":"ImageObject","inLanguage":"it-IT","@id":"https:\/\/codeit.al\/services\/mobile\/#primaryimage","url":"https:\/\/codeit.al\/wp-content\/uploads\/2020\/08\/mobile-app.png","contentUrl":"https:\/\/codeit.al\/wp-content\/uploads\/2020\/08\/mobile-app.png","width":1616,"height":808},{"@type":"BreadcrumbList","@id":"https:\/\/codeit.al\/services\/mobile\/#breadcrumb","itemListElement":[{"@type":"ListItem","position":1,"name":"Services","item":"https:\/\/codeit.al\/services\/"},{"@type":"ListItem","position":2,"name":"App Development"}]},{"@type":"WebSite","@id":"https:\/\/codeit.al\/#website","url":"https:\/\/codeit.al\/","name":"CodeIT","description":"Develop your Brand","potentialAction":[{"@type":"SearchAction","target":{"@type":"EntryPoint","urlTemplate":"https:\/\/codeit.al\/?s={search_term_string}"},"query-input":{"@type":"PropertyValueSpecification","valueRequired":true,"valueName":"search_term_string"}}],"inLanguage":"it-IT"}]}},"_links":{"self":[{"href":"https:\/\/codeit.al\/it\/wp-json\/wp\/v2\/pages\/35","targetHints":{"allow":["GET"]}}],"collection":[{"href":"https:\/\/codeit.al\/it\/wp-json\/wp\/v2\/pages"}],"about":[{"href":"https:\/\/codeit.al\/it\/wp-json\/wp\/v2\/types\/page"}],"author":[{"embeddable":true,"href":"https:\/\/codeit.al\/it\/wp-json\/wp\/v2\/users\/1"}],"replies":[{"embeddable":true,"href":"https:\/\/codeit.al\/it\/wp-json\/wp\/v2\/comments?post=35"}],"version-history":[{"count":0,"href":"https:\/\/codeit.al\/it\/wp-json\/wp\/v2\/pages\/35\/revisions"}],"up":[{"embeddable":true,"href":"https:\/\/codeit.al\/it\/wp-json\/wp\/v2\/pages\/17"}],"wp:featuredmedia":[{"embeddable":true,"href":"https:\/\/codeit.al\/it\/wp-json\/wp\/v2\/media\/139"}],"wp:attachment":[{"href":"https:\/\/codeit.al\/it\/wp-json\/wp\/v2\/media?parent=35"}],"curies":[{"name":"wp","href":"https:\/\/api.w.org\/{rel}","templated":true}]}}