{"id":37,"date":"2020-08-13T10:22:51","date_gmt":"2020-08-13T10:22:51","guid":{"rendered":"https:\/\/codeit.al\/?page_id=37"},"modified":"2021-07-16T13:33:50","modified_gmt":"2021-07-16T13:33:50","slug":"seo","status":"publish","type":"page","link":"https:\/\/codeit.al\/it\/services\/seo\/","title":{"rendered":"SEO"},"content":{"rendered":"<p>SEO presso CodeIT \u00e8 una vera strategia per lo sviluppo del tuo business. La difficolt\u00e0 del WEB di essere al primo posto \u00e8 in aumento e qui avete bisogno del nostro intervento per darti la giusta posizione online. SEO si concentra sulla costruzione della presenza organica della tua attivit\u00e0 e questo non pu\u00f2 essere fatto senza un piccolo aiuto. La corretta SEO ti porta alla luce!<\/p>\n<h2>\u201cSTRATEGIA SEO<\/h2>\n<p>Mettere semplicemente alcune parole chiave non \u00e8 un buon SEO. Ti aiutiamo a configurare SMART KEYWORDS e utilizzarle a tuo vantaggio. Il contenuto \u00e8 anche un punto molto importante per raggiungere la clientela giusta.<\/p>\n<h2>\u201cPAROLE CHIAVE<\/h2>\n<p>Gli studi dimostrano che le prime 5 classifiche sono interessanti per i lettori online. Quindi le tue classifiche dovrebbero rientrare in queste cifre soprattutto rispetto ai tuoi concorrenti sul mercato.<\/p>\n<h2>\u201cCONTENT<\/h2>\n<p>Una volta approvato che il contenuto web \u00e8 buono e che la navigazione del sito \u00e8 intuitiva, iniziamo a pensare alla giusta strategia SEO. La strategia richiede elementi sia tecnici che creativi che insieme migliorano le classifiche.<\/p>\n<h2>\u201cTECNICO CREATIVO<\/h2>\n<p>I servizi SEO includono:<\/p>\n<ul>\n<li>Ricerca per parole chiave<\/li>\n<li>Analisi<\/li>\n<li>Analisi e monitoraggio del sito web<\/li>\n<li>Intestazione e tag ALT<\/li>\n<li>Post di blog<\/li>\n<li>Creazione di contenuti<\/li>\n<li>Link Building<\/li>\n<li>Social Media<\/li>\n<li>On-page SEO<\/li>\n<li>Mappe digitali<\/li>\n<li>Etc\u2026<\/li>\n<\/ul>\n","protected":false},"excerpt":{"rendered":"<p>SEO presso CodeIT \u00e8 una vera strategia per lo sviluppo del tuo business. La difficolt\u00e0 del WEB di essere al primo posto \u00e8 in aumento e qui avete bisogno del nostro intervento per darti la giusta posizione online. SEO si concentra sulla costruzione della presenza organica della tua attivit\u00e0 e questo non pu\u00f2 essere fatto [&hellip;]<\/p>\n","protected":false},"author":1,"featured_media":135,"parent":17,"menu_order":0,"comment_status":"closed","ping_status":"closed","template":"template-seo.php","meta":{"footnotes":""},"class_list":["post-37","page","type-page","status-publish","has-post-thumbnail","hentry"],"yoast_head":"<!-- This site is optimized with the Yoast SEO plugin v23.5 - https:\/\/yoast.com\/wordpress\/plugins\/seo\/ -->\n<title>SEO<\/title>\n<meta name=\"robots\" content=\"index, follow, max-snippet:-1, max-image-preview:large, max-video-preview:-1\" \/>\n<link rel=\"canonical\" href=\"https:\/\/codeit.al\/it\/services\/seo\/\" \/>\n<meta property=\"og:locale\" content=\"it_IT\" \/>\n<meta property=\"og:locale:alternate\" content=\"en_US\" \/>\n<meta property=\"og:locale:alternate\" content=\"sq_AL\" \/>\n<meta property=\"og:type\" content=\"article\" \/>\n<meta property=\"og:title\" content=\"SEO\" \/>\n<meta property=\"og:description\" content=\"SEO presso CodeIT \u00e8 una vera strategia per lo sviluppo del tuo business. La difficolt\u00e0 del WEB di essere al primo posto \u00e8 in aumento e qui avete bisogno del nostro intervento per darti la giusta posizione online. SEO si concentra sulla costruzione della presenza organica della tua attivit\u00e0 e questo non pu\u00f2 essere fatto [&hellip;]\" \/>\n<meta property=\"og:url\" content=\"https:\/\/codeit.al\/it\/services\/seo\/\" \/>\n<meta property=\"og:site_name\" content=\"CodeIT\" \/>\n<meta property=\"article:publisher\" content=\"https:\/\/www.facebook.com\/Code-IT-shpk-1922218121419737\/\" \/>\n<meta property=\"article:modified_time\" content=\"2021-07-16T13:33:50+00:00\" \/>\n<meta property=\"og:image\" content=\"https:\/\/codeit.al\/wp-content\/uploads\/2020\/08\/seo.jpeg\" \/>\n\t<meta property=\"og:image:width\" content=\"975\" \/>\n\t<meta property=\"og:image:height\" content=\"650\" \/>\n\t<meta property=\"og:image:type\" content=\"image\/jpeg\" \/>\n<meta name=\"twitter:card\" content=\"summary_large_image\" \/>\n<meta name=\"twitter:label1\" content=\"Tempo di lettura stimato\" \/>\n\t<meta name=\"twitter:data1\" content=\"3 minuti\" \/>\n<script type=\"application\/ld+json\" class=\"yoast-schema-graph\">{\"@context\":\"https:\/\/schema.org\",\"@graph\":[{\"@type\":\"WebPage\",\"@id\":\"https:\/\/codeit.al\/services\/seo\/\",\"url\":\"https:\/\/codeit.al\/services\/seo\/\",\"name\":\"SEO\",\"isPartOf\":{\"@id\":\"https:\/\/codeit.al\/#website\"},\"primaryImageOfPage\":{\"@id\":\"https:\/\/codeit.al\/services\/seo\/#primaryimage\"},\"image\":{\"@id\":\"https:\/\/codeit.al\/services\/seo\/#primaryimage\"},\"thumbnailUrl\":\"https:\/\/codeit.al\/wp-content\/uploads\/2020\/08\/seo.jpeg\",\"datePublished\":\"2020-08-13T10:22:51+00:00\",\"dateModified\":\"2021-07-16T13:33:50+00:00\",\"breadcrumb\":{\"@id\":\"https:\/\/codeit.al\/services\/seo\/#breadcrumb\"},\"inLanguage\":\"it-IT\",\"potentialAction\":[{\"@type\":\"ReadAction\",\"target\":[\"https:\/\/codeit.al\/services\/seo\/\"]}]},{\"@type\":\"ImageObject\",\"inLanguage\":\"it-IT\",\"@id\":\"https:\/\/codeit.al\/services\/seo\/#primaryimage\",\"url\":\"https:\/\/codeit.al\/wp-content\/uploads\/2020\/08\/seo.jpeg\",\"contentUrl\":\"https:\/\/codeit.al\/wp-content\/uploads\/2020\/08\/seo.jpeg\",\"width\":975,\"height\":650},{\"@type\":\"BreadcrumbList\",\"@id\":\"https:\/\/codeit.al\/services\/seo\/#breadcrumb\",\"itemListElement\":[{\"@type\":\"ListItem\",\"position\":1,\"name\":\"Services\",\"item\":\"https:\/\/codeit.al\/services\/\"},{\"@type\":\"ListItem\",\"position\":2,\"name\":\"SEO\"}]},{\"@type\":\"WebSite\",\"@id\":\"https:\/\/codeit.al\/#website\",\"url\":\"https:\/\/codeit.al\/\",\"name\":\"CodeIT\",\"description\":\"Develop your Brand\",\"potentialAction\":[{\"@type\":\"SearchAction\",\"target\":{\"@type\":\"EntryPoint\",\"urlTemplate\":\"https:\/\/codeit.al\/?s={search_term_string}\"},\"query-input\":{\"@type\":\"PropertyValueSpecification\",\"valueRequired\":true,\"valueName\":\"search_term_string\"}}],\"inLanguage\":\"it-IT\"}]}<\/script>\n<!-- \/ Yoast SEO plugin. -->","yoast_head_json":{"title":"SEO","robots":{"index":"index","follow":"follow","max-snippet":"max-snippet:-1","max-image-preview":"max-image-preview:large","max-video-preview":"max-video-preview:-1"},"canonical":"https:\/\/codeit.al\/it\/services\/seo\/","og_locale":"it_IT","og_type":"article","og_title":"[:en]SEO[:it]SEO[:sq]SEO[:] - CodeIT","og_description":"SEO presso CodeIT \u00e8 una vera strategia per lo sviluppo del tuo business. La difficolt\u00e0 del WEB di essere al primo posto \u00e8 in aumento e qui avete bisogno del nostro intervento per darti la giusta posizione online. SEO si concentra sulla costruzione della presenza organica della tua attivit\u00e0 e questo non pu\u00f2 essere fatto [&hellip;]","og_url":"https:\/\/codeit.al\/it\/services\/seo\/","og_site_name":"CodeIT","article_publisher":"https:\/\/www.facebook.com\/Code-IT-shpk-1922218121419737\/","article_modified_time":"2021-07-16T13:33:50+00:00","og_image":[{"width":975,"height":650,"url":"https:\/\/codeit.al\/wp-content\/uploads\/2020\/08\/seo.jpeg","type":"image\/jpeg"}],"twitter_card":"summary_large_image","twitter_misc":{"Tempo di lettura stimato":"3 minuti"},"schema":{"@context":"https:\/\/schema.org","@graph":[{"@type":"WebPage","@id":"https:\/\/codeit.al\/services\/seo\/","url":"https:\/\/codeit.al\/services\/seo\/","name":"SEO","isPartOf":{"@id":"https:\/\/codeit.al\/#website"},"primaryImageOfPage":{"@id":"https:\/\/codeit.al\/services\/seo\/#primaryimage"},"image":{"@id":"https:\/\/codeit.al\/services\/seo\/#primaryimage"},"thumbnailUrl":"https:\/\/codeit.al\/wp-content\/uploads\/2020\/08\/seo.jpeg","datePublished":"2020-08-13T10:22:51+00:00","dateModified":"2021-07-16T13:33:50+00:00","breadcrumb":{"@id":"https:\/\/codeit.al\/services\/seo\/#breadcrumb"},"inLanguage":"it-IT","potentialAction":[{"@type":"ReadAction","target":["https:\/\/codeit.al\/services\/seo\/"]}]},{"@type":"ImageObject","inLanguage":"it-IT","@id":"https:\/\/codeit.al\/services\/seo\/#primaryimage","url":"https:\/\/codeit.al\/wp-content\/uploads\/2020\/08\/seo.jpeg","contentUrl":"https:\/\/codeit.al\/wp-content\/uploads\/2020\/08\/seo.jpeg","width":975,"height":650},{"@type":"BreadcrumbList","@id":"https:\/\/codeit.al\/services\/seo\/#breadcrumb","itemListElement":[{"@type":"ListItem","position":1,"name":"Services","item":"https:\/\/codeit.al\/services\/"},{"@type":"ListItem","position":2,"name":"SEO"}]},{"@type":"WebSite","@id":"https:\/\/codeit.al\/#website","url":"https:\/\/codeit.al\/","name":"CodeIT","description":"Develop your Brand","potentialAction":[{"@type":"SearchAction","target":{"@type":"EntryPoint","urlTemplate":"https:\/\/codeit.al\/?s={search_term_string}"},"query-input":{"@type":"PropertyValueSpecification","valueRequired":true,"valueName":"search_term_string"}}],"inLanguage":"it-IT"}]}},"_links":{"self":[{"href":"https:\/\/codeit.al\/it\/wp-json\/wp\/v2\/pages\/37","targetHints":{"allow":["GET"]}}],"collection":[{"href":"https:\/\/codeit.al\/it\/wp-json\/wp\/v2\/pages"}],"about":[{"href":"https:\/\/codeit.al\/it\/wp-json\/wp\/v2\/types\/page"}],"author":[{"embeddable":true,"href":"https:\/\/codeit.al\/it\/wp-json\/wp\/v2\/users\/1"}],"replies":[{"embeddable":true,"href":"https:\/\/codeit.al\/it\/wp-json\/wp\/v2\/comments?post=37"}],"version-history":[{"count":0,"href":"https:\/\/codeit.al\/it\/wp-json\/wp\/v2\/pages\/37\/revisions"}],"up":[{"embeddable":true,"href":"https:\/\/codeit.al\/it\/wp-json\/wp\/v2\/pages\/17"}],"wp:featuredmedia":[{"embeddable":true,"href":"https:\/\/codeit.al\/it\/wp-json\/wp\/v2\/media\/135"}],"wp:attachment":[{"href":"https:\/\/codeit.al\/it\/wp-json\/wp\/v2\/media?parent=37"}],"curies":[{"name":"wp","href":"https:\/\/api.w.org\/{rel}","templated":true}]}}