{"id":27,"date":"2020-08-13T10:17:25","date_gmt":"2020-08-13T10:17:25","guid":{"rendered":"https:\/\/codeit.al\/?page_id=27"},"modified":"2021-07-15T15:24:14","modified_gmt":"2021-07-15T15:24:14","slug":"web-development","status":"publish","type":"page","link":"https:\/\/codeit.al\/sq\/services\/web-development\/","title":{"rendered":"Web Development"},"content":{"rendered":"<p>Web Development &#038; Web Application po rriten me shpejt\u00ebsi n\u00eb t\u00eb gjith\u00eb bot\u00ebn si nj\u00eb mjet i zhvillimit t\u00eb biznesit. Me nj\u00eb website t\u00eb zhvilluar mir\u00eb klient\u00ebt akordohen dhe k\u00ebrkojn\u00eb at\u00eb q\u00eb kan\u00eb nevoj\u00eb.<\/p>\n<p>CodeIT b\u00ebn nj\u00eb aplikim t\u00eb plot\u00eb t\u00eb programeve t\u00eb fundit duke sjell\u00eb p\u00ebr ju risi dhe kreativitet p\u00ebrmes kodimit.<\/p>\n<p>Jeta e sotme \u00ebsht\u00eb kryesisht e bazuar n\u00eb teknologji \u00a0ndaj\u00a0 ne duam t\u00eb vijm\u00eb pran\u00eb jush duke krijuar faqe interneti t\u00eb p\u00ebrshtatura n\u00eb m\u00ebnyr\u00eb t\u00eb p\u00ebrkryer me nevojat tuaja dhe me t\u00eb gjitha funksionalitetet e duhura p\u00ebr t\u2019ju ofruar zgjidhje dhe leht\u00ebsi n\u00eb navigim.<\/p>\n<h2><strong>\u00c7far\u00eb ju siguron CodeIT?<\/strong><\/h2>\n<ol>\n<li>Ekspert\u00eb t\u00eb projektimit dhe zhvillimit<\/li>\n<li>Zgjidhje efektive t\u00eb kostos<\/li>\n<li>Sh\u00ebrbim dhe mir\u00ebmbajtje t\u00eb personalizuar<\/li>\n<li>Proces streamlined<\/li>\n<li>Dizajn miq\u00ebsor<\/li>\n<li>Shpejt\u00ebsi dhe siguri<\/li>\n<\/ol>\n<p>Grupi i pun\u00ebs dallon n\u00eb optimizimin e frontend-eve dhe operon me platforma si cms si: WordPress, Joomla dhe Drupal.<\/p>\n<p>Gjuh\u00ebt e programimit q\u00eb ne p\u00ebrdorim jan\u00eb: php, javascript si dhe Framework Laravel &#038; CodeIgniter.<\/p>\n<p>Ekipi yn\u00eb p\u00ebrpiqet t\u00eb analizoj\u00eb se \u00e7far\u00eb duan klient\u00ebt p\u00ebr p\u00ebrdoruesit e tyre.<\/p>\n<p>Dhe pasi k\u00ebrkesat jan\u00eb t\u00eb qarta fillon puna:<\/p>\n<ul>\n<li>Ne nd\u00ebrtojm\u00eb faqen tuaj t\u00eb internetit duke p\u00ebrdorur sisteme t\u00eb ndryshme t\u00eb menaxhimit t\u00eb p\u00ebrmbajtjes.<\/li>\n<li>Realizojm\u00eb aplikacione software duke p\u00ebrdorur framework-e inovative, q\u00eb ndihmojn\u00eb n\u00eb nd\u00ebrtimin m\u00eb t\u00eb shpejt\u00eb t\u00eb aplikacionit dhe n\u00eb arritjen e nj\u00eb strukture t\u00eb unifikuar.<\/li>\n<\/ul>\n<p>CodeIT ndjek strategjin\u00eb e zhvillimit t\u00eb aplikacioneve web t\u00eb fokusuara tek p\u00ebrdoruesi.<\/p>\n<p>\u00cbsht\u00eb shum\u00eb e r\u00ebnd\u00ebsishme q\u00eb aplikacioni juaj t\u00eb komunikoj\u00eb dhe t\u00eb adresoj\u00eb nevojat e konsumatorit.<\/p>\n<p>Ju do t\u00eb zgjeroni shtrirjen tuaj dhe do t\u00eb rriteni duke krijuar nj\u00eb eksperienc\u00eb t\u00eb besueshme p\u00ebr p\u00ebrdoruesit.<\/p>\n<p>Zhvilluesit e web-it n\u00eb CodeIT jan\u00eb t\u00eb specializuar n\u00eb k\u00ebt\u00eb fush\u00eb. Eksperienca e stafit ton\u00eb n\u00eb sektorin publik\u00a0 dhe privat n\u00eb tregun shqiptar dhe t\u00eb huaj ofron p\u00ebr ju zgjidhjen m\u00eb t\u00eb mire bazuar n\u00eb k\u00ebrkesat e klientit.<\/p>\n<p>CodeIT \u00ebsht\u00eb nj\u00eb kompani e specializuar n\u00eb nd\u00ebrtimin e sistemeve web. Grupi i pun\u00ebs ka angazhim maksimal q\u00eb performanca e faqes tuaj t\u00eb p\u00ebrmbush\u00eb t\u00eb gjitha funksionet.<\/p>\n<p>Aplikacioni web ju ofron leht\u00ebsi n\u00eb p\u00ebrdorim sepse:<\/p>\n<ul>\n<li><strong>Nuk ka nevoj\u00eb p\u00ebr asnj\u00eb instalim<\/strong><\/li>\n<\/ul>\n<p>Aplikacionet e webit funksionojn\u00eb si nj\u00eb browser, nuk ka nevoj\u00eb t\u2019i instalosh n\u00eb pajisje. Duke p\u00ebrdorur nj\u00eb aplikacion web, ju shmangni p\u00ebrdorimin e kujtes\u00ebs s\u00eb software-it t\u00eb instalimit n\u00eb \u00e7do pajisje. Pasi \u00e7do kompjuter ka nj\u00eb browser, koha e instalimit \u00ebsht\u00eb shum\u00eb e shpejt\u00eb. K\u00ebrkesat e mir\u00ebmbajtjes n\u00eb p\u00ebrgjith\u00ebsi jan\u00eb shum\u00eb m\u00eb t\u00eb ul\u00ebta.<\/p>\n<ul>\n<li><strong>Mund t\u00eb kalojn\u00eb p\u00ebrmes sistemeve t\u00eb ndryshme t\u00eb operimit<\/strong><\/li>\n<\/ul>\n<p>Pajisja e ndar\u00eb n\u00eb sisteme t\u00eb ndryshme operimi \u00ebsht\u00eb penges\u00eb p\u00ebr software-in. Aplikacioni Web i jep zgjidhje k\u00ebsaj \u00e7\u00ebshtjeje.<\/p>\n<ul>\n<li><strong>Aksesueshm\u00ebria \u00ebsht\u00eb maksimale<\/strong><\/li>\n<\/ul>\n<p>Duke\u00a0 pasur parasysh se sistemet e biznesit t\u00eb krijuara nga aplikacionet web jan\u00eb t\u00eb bazuara n\u00eb web, ato mund t\u00eb aksesohen 24\/7, p\u00ebr aq koh\u00eb sa keni nj\u00eb lidhje internet. Gjithashtu aplikacionet web jan\u00eb plot\u00ebsisht fleksib\u00ebl duke ofruar qasje nga pothuajse \u00e7do pajisje dhe kudo.<\/p>\n<p>Software i bazuar n\u00eb desktop duhet t\u00eb p\u00ebrdit\u00ebsohet dhe p\u00ebr k\u00ebt\u00eb pjes\u00eb kujdeset ekipi i CodeIT, q\u00eb biznesi juaj t\u00eb jet\u00eb gjithmon\u00eb i mbrojtur ndaj shkeljeve t\u00eb siguris\u00eb.<\/p>\n<ul>\n<li><strong>P\u00ebrmir\u00ebsim i efikasitetit<\/strong><\/li>\n<\/ul>\n<p>Aplikacionet web ju ndihmojn\u00eb t\u00eb modernizoni proceset e biznesit tuaj n\u00eb m\u00ebnyr\u00eb q\u00eb t\u00eb b\u00ebni m\u00eb shum\u00eb pun\u00eb n\u00eb m\u00eb pak koh\u00eb dhe me sakt\u00ebsi m\u00eb t\u00eb madhe. P\u00ebr m\u00eb tep\u00ebr, duke i pasur t\u00eb gjitha t\u00eb dh\u00ebnat tuaja t\u00eb integruara n\u00eb nj\u00eb vend, ju keni nj\u00eb menaxhim m\u00eb t\u00eb sakt\u00eb t\u00eb biznesit tuaj. K\u00ebshtu lironi koh\u00ebn e stafit dhe lejoni q\u00eb t\u00eb kryen raporte q\u00eb p\u00ebrdit\u00ebsohen me informacion n\u00eb koh\u00eb reale.<\/p>\n","protected":false},"excerpt":{"rendered":"<p>Web Development &#038; Web Application po rriten me shpejt\u00ebsi n\u00eb t\u00eb gjith\u00eb bot\u00ebn si nj\u00eb mjet i zhvillimit t\u00eb biznesit. Me nj\u00eb website t\u00eb zhvilluar mir\u00eb klient\u00ebt akordohen dhe k\u00ebrkojn\u00eb at\u00eb q\u00eb kan\u00eb nevoj\u00eb. CodeIT b\u00ebn nj\u00eb aplikim t\u00eb plot\u00eb t\u00eb programeve t\u00eb fundit duke sjell\u00eb p\u00ebr ju risi dhe kreativitet p\u00ebrmes kodimit. Jeta e [&hellip;]<\/p>\n","protected":false},"author":1,"featured_media":131,"parent":17,"menu_order":0,"comment_status":"closed","ping_status":"closed","template":"template-web.php","meta":{"footnotes":""},"class_list":["post-27","page","type-page","status-publish","has-post-thumbnail","hentry"],"yoast_head":"<!-- This site is optimized with the Yoast SEO plugin v23.5 - https:\/\/yoast.com\/wordpress\/plugins\/seo\/ -->\n<title>Web Development<\/title>\n<meta name=\"robots\" content=\"index, follow, max-snippet:-1, max-image-preview:large, max-video-preview:-1\" \/>\n<link rel=\"canonical\" href=\"https:\/\/codeit.al\/sq\/services\/web-development\/\" \/>\n<meta property=\"og:locale\" content=\"sq_AL\" \/>\n<meta property=\"og:locale:alternate\" content=\"en_US\" \/>\n<meta property=\"og:locale:alternate\" content=\"it_IT\" \/>\n<meta property=\"og:type\" content=\"article\" \/>\n<meta property=\"og:title\" content=\"Web Development\" \/>\n<meta property=\"og:description\" content=\"Web Development &amp; Web Application po rriten me shpejt\u00ebsi n\u00eb t\u00eb gjith\u00eb bot\u00ebn si nj\u00eb mjet i zhvillimit t\u00eb biznesit. Me nj\u00eb website t\u00eb zhvilluar mir\u00eb klient\u00ebt akordohen dhe k\u00ebrkojn\u00eb at\u00eb q\u00eb kan\u00eb nevoj\u00eb. CodeIT b\u00ebn nj\u00eb aplikim t\u00eb plot\u00eb t\u00eb programeve t\u00eb fundit duke sjell\u00eb p\u00ebr ju risi dhe kreativitet p\u00ebrmes kodimit. Jeta e [&hellip;]\" \/>\n<meta property=\"og:url\" content=\"https:\/\/codeit.al\/sq\/services\/web-development\/\" \/>\n<meta property=\"og:site_name\" content=\"CodeIT\" \/>\n<meta property=\"article:publisher\" content=\"https:\/\/www.facebook.com\/Code-IT-shpk-1922218121419737\/\" \/>\n<meta property=\"article:modified_time\" content=\"2021-07-15T15:24:14+00:00\" \/>\n<meta property=\"og:image\" content=\"https:\/\/codeit.al\/wp-content\/uploads\/2020\/08\/service-web-1255x1200-1.jpg\" \/>\n\t<meta property=\"og:image:width\" content=\"1255\" \/>\n\t<meta property=\"og:image:height\" content=\"1200\" \/>\n\t<meta property=\"og:image:type\" content=\"image\/jpeg\" \/>\n<meta name=\"twitter:card\" content=\"summary_large_image\" \/>\n<meta name=\"twitter:label1\" content=\"Est. reading time\" \/>\n\t<meta name=\"twitter:data1\" content=\"8 minuta\" \/>\n<script type=\"application\/ld+json\" class=\"yoast-schema-graph\">{\"@context\":\"https:\/\/schema.org\",\"@graph\":[{\"@type\":\"WebPage\",\"@id\":\"https:\/\/codeit.al\/services\/web-development\/\",\"url\":\"https:\/\/codeit.al\/services\/web-development\/\",\"name\":\"Web Development\",\"isPartOf\":{\"@id\":\"https:\/\/codeit.al\/#website\"},\"primaryImageOfPage\":{\"@id\":\"https:\/\/codeit.al\/services\/web-development\/#primaryimage\"},\"image\":{\"@id\":\"https:\/\/codeit.al\/services\/web-development\/#primaryimage\"},\"thumbnailUrl\":\"https:\/\/codeit.al\/wp-content\/uploads\/2020\/08\/service-web-1255x1200-1.jpg\",\"datePublished\":\"2020-08-13T10:17:25+00:00\",\"dateModified\":\"2021-07-15T15:24:14+00:00\",\"breadcrumb\":{\"@id\":\"https:\/\/codeit.al\/services\/web-development\/#breadcrumb\"},\"inLanguage\":\"sq\",\"potentialAction\":[{\"@type\":\"ReadAction\",\"target\":[\"https:\/\/codeit.al\/services\/web-development\/\"]}]},{\"@type\":\"ImageObject\",\"inLanguage\":\"sq\",\"@id\":\"https:\/\/codeit.al\/services\/web-development\/#primaryimage\",\"url\":\"https:\/\/codeit.al\/wp-content\/uploads\/2020\/08\/service-web-1255x1200-1.jpg\",\"contentUrl\":\"https:\/\/codeit.al\/wp-content\/uploads\/2020\/08\/service-web-1255x1200-1.jpg\",\"width\":1255,\"height\":1200},{\"@type\":\"BreadcrumbList\",\"@id\":\"https:\/\/codeit.al\/services\/web-development\/#breadcrumb\",\"itemListElement\":[{\"@type\":\"ListItem\",\"position\":1,\"name\":\"Services\",\"item\":\"https:\/\/codeit.al\/services\/\"},{\"@type\":\"ListItem\",\"position\":2,\"name\":\"Web Development\"}]},{\"@type\":\"WebSite\",\"@id\":\"https:\/\/codeit.al\/#website\",\"url\":\"https:\/\/codeit.al\/\",\"name\":\"CodeIT\",\"description\":\"Develop your Brand\",\"potentialAction\":[{\"@type\":\"SearchAction\",\"target\":{\"@type\":\"EntryPoint\",\"urlTemplate\":\"https:\/\/codeit.al\/?s={search_term_string}\"},\"query-input\":{\"@type\":\"PropertyValueSpecification\",\"valueRequired\":true,\"valueName\":\"search_term_string\"}}],\"inLanguage\":\"sq\"}]}<\/script>\n<!-- \/ Yoast SEO plugin. -->","yoast_head_json":{"title":"Web Development","robots":{"index":"index","follow":"follow","max-snippet":"max-snippet:-1","max-image-preview":"max-image-preview:large","max-video-preview":"max-video-preview:-1"},"canonical":"https:\/\/codeit.al\/sq\/services\/web-development\/","og_locale":"sq_AL","og_type":"article","og_title":"[:en]Web Development[:it]Web Development[:sq]Web Development[:] - CodeIT","og_description":"Web Development &#038; Web Application po rriten me shpejt\u00ebsi n\u00eb t\u00eb gjith\u00eb bot\u00ebn si nj\u00eb mjet i zhvillimit t\u00eb biznesit. Me nj\u00eb website t\u00eb zhvilluar mir\u00eb klient\u00ebt akordohen dhe k\u00ebrkojn\u00eb at\u00eb q\u00eb kan\u00eb nevoj\u00eb. CodeIT b\u00ebn nj\u00eb aplikim t\u00eb plot\u00eb t\u00eb programeve t\u00eb fundit duke sjell\u00eb p\u00ebr ju risi dhe kreativitet p\u00ebrmes kodimit. Jeta e [&hellip;]","og_url":"https:\/\/codeit.al\/sq\/services\/web-development\/","og_site_name":"CodeIT","article_publisher":"https:\/\/www.facebook.com\/Code-IT-shpk-1922218121419737\/","article_modified_time":"2021-07-15T15:24:14+00:00","og_image":[{"width":1255,"height":1200,"url":"https:\/\/codeit.al\/wp-content\/uploads\/2020\/08\/service-web-1255x1200-1.jpg","type":"image\/jpeg"}],"twitter_card":"summary_large_image","twitter_misc":{"Est. reading time":"8 minuta"},"schema":{"@context":"https:\/\/schema.org","@graph":[{"@type":"WebPage","@id":"https:\/\/codeit.al\/services\/web-development\/","url":"https:\/\/codeit.al\/services\/web-development\/","name":"Web Development","isPartOf":{"@id":"https:\/\/codeit.al\/#website"},"primaryImageOfPage":{"@id":"https:\/\/codeit.al\/services\/web-development\/#primaryimage"},"image":{"@id":"https:\/\/codeit.al\/services\/web-development\/#primaryimage"},"thumbnailUrl":"https:\/\/codeit.al\/wp-content\/uploads\/2020\/08\/service-web-1255x1200-1.jpg","datePublished":"2020-08-13T10:17:25+00:00","dateModified":"2021-07-15T15:24:14+00:00","breadcrumb":{"@id":"https:\/\/codeit.al\/services\/web-development\/#breadcrumb"},"inLanguage":"sq","potentialAction":[{"@type":"ReadAction","target":["https:\/\/codeit.al\/services\/web-development\/"]}]},{"@type":"ImageObject","inLanguage":"sq","@id":"https:\/\/codeit.al\/services\/web-development\/#primaryimage","url":"https:\/\/codeit.al\/wp-content\/uploads\/2020\/08\/service-web-1255x1200-1.jpg","contentUrl":"https:\/\/codeit.al\/wp-content\/uploads\/2020\/08\/service-web-1255x1200-1.jpg","width":1255,"height":1200},{"@type":"BreadcrumbList","@id":"https:\/\/codeit.al\/services\/web-development\/#breadcrumb","itemListElement":[{"@type":"ListItem","position":1,"name":"Services","item":"https:\/\/codeit.al\/services\/"},{"@type":"ListItem","position":2,"name":"Web Development"}]},{"@type":"WebSite","@id":"https:\/\/codeit.al\/#website","url":"https:\/\/codeit.al\/","name":"CodeIT","description":"Develop your Brand","potentialAction":[{"@type":"SearchAction","target":{"@type":"EntryPoint","urlTemplate":"https:\/\/codeit.al\/?s={search_term_string}"},"query-input":{"@type":"PropertyValueSpecification","valueRequired":true,"valueName":"search_term_string"}}],"inLanguage":"sq"}]}},"_links":{"self":[{"href":"https:\/\/codeit.al\/sq\/wp-json\/wp\/v2\/pages\/27","targetHints":{"allow":["GET"]}}],"collection":[{"href":"https:\/\/codeit.al\/sq\/wp-json\/wp\/v2\/pages"}],"about":[{"href":"https:\/\/codeit.al\/sq\/wp-json\/wp\/v2\/types\/page"}],"author":[{"embeddable":true,"href":"https:\/\/codeit.al\/sq\/wp-json\/wp\/v2\/users\/1"}],"replies":[{"embeddable":true,"href":"https:\/\/codeit.al\/sq\/wp-json\/wp\/v2\/comments?post=27"}],"version-history":[{"count":0,"href":"https:\/\/codeit.al\/sq\/wp-json\/wp\/v2\/pages\/27\/revisions"}],"up":[{"embeddable":true,"href":"https:\/\/codeit.al\/sq\/wp-json\/wp\/v2\/pages\/17"}],"wp:featuredmedia":[{"embeddable":true,"href":"https:\/\/codeit.al\/sq\/wp-json\/wp\/v2\/media\/131"}],"wp:attachment":[{"href":"https:\/\/codeit.al\/sq\/wp-json\/wp\/v2\/media?parent=27"}],"curies":[{"name":"wp","href":"https:\/\/api.w.org\/{rel}","templated":true}]}}