{"id":31,"date":"2020-08-13T10:20:33","date_gmt":"2020-08-13T10:20:33","guid":{"rendered":"https:\/\/codeit.al\/?page_id=31"},"modified":"2021-07-16T14:56:11","modified_gmt":"2021-07-16T14:56:11","slug":"marketing","status":"publish","type":"page","link":"https:\/\/codeit.al\/sq\/services\/marketing\/","title":{"rendered":"Marketing"},"content":{"rendered":"<p>P\u00ebr krijimin edhe mir\u00ebmbajtjen e nj\u00eb imazhi t\u00eb mir\u00eb n\u00eb biznes, p\u00ebrtej produktit\/sh\u00ebrbimit, r\u00ebnd\u00ebsi ka si shpaloset emri n\u00eb treg. Si prezantohet biznesi\/brandi juaj tek klienti? A i ka arritur kanalet e duhura?<\/p>\n<p>CodeIT mendon p\u00ebr arritjen e q\u00ebllimeve dhe p\u00ebrfitimeve tuaja. Departamenti i Marketingut harton dhe implementon strategji bashk\u00ebkohore e t\u00eb suksesshme p\u00ebr pozicionimin tuaj n\u00eb tregun e gjer\u00eb.<\/p>\n<p>K\u00ebshtu, bazuar n\u00eb eksperienc\u00ebn ton\u00eb disa vje\u00e7are ju ofrojm\u00eb sh\u00ebrbime t\u00eb p\u00ebrqendruara:<\/p>\n<ul>\n<li>Konceptim Strategji Marketingu Biznesi\/Brandi<\/li>\n<li>Marketing Digjital<\/li>\n<li>P\u00ebrmbajtja<\/li>\n<\/ul>\n<h2><strong>KONCEPTIM STRATEGJI MARKETINGU BIZNESI\/BRANDI<\/strong><\/h2>\n<p>Kompleksiteti i bot\u00ebs s\u00eb biznesit sjell edhe ndryshime t\u00eb vazhduara n\u00eb teorin\u00eb e marketingut. Zhvillimi i teknologjis\u00eb dhe shoq\u00ebris\u00eb n\u00eb vetvete v\u00ebshtir\u00ebsojn\u00eb edhe gjetjen e strategjis\u00eb s\u00eb duhur p\u00ebr ecurin\u00eb e biznesit.<\/p>\n<p>Pavar\u00ebsisht k\u00ebtij kompleksiteti, ne ju propozojm\u00eb idet\u00eb e duhura p\u00ebr t\u00eb thjeshtuar mb\u00ebrritjen e q\u00ebllimeve.<\/p>\n<ul>\n<li>Studiojm\u00eb nevoj\u00ebn e produktit\/sh\u00ebrbimit tuaj n\u00eb treg<\/li>\n<li>Parashtrojm\u00eb benefitet e produktit\/sh\u00ebrbimit tuaj<\/li>\n<li>Vler\u00ebsojm\u00eb klientel\u00ebn tuaj potenciale<\/li>\n<li>Propozojm\u00eb arm\u00ebt e duhura p\u00ebr zhvillimin e planit<\/li>\n<li>Propozojm\u00eb ekuilibrin e duhur t\u00eb \u00e7mimit dhe cil\u00ebsis\u00eb<\/li>\n<li>Nd\u00ebrtojm\u00eb imazhin me t\u00eb cilin do prezantoheni<\/li>\n<li>Parashikojm\u00eb buxhetin q\u00eb duhet t\u00eb shpenzoni<\/li>\n<\/ul>\n<p>Nj\u00eb strategji e mirfillt\u00eb ju ndihmon t\u00eb ecni me hapa m\u00eb t\u00eb shpejt\u00eb dhe t\u00eb fokusoheni n\u00eb \u00e7far\u00eb ju sjell m\u00eb shum\u00eb p\u00ebrfitime.<\/p>\n<h2>DIGITAL\u00a0<strong>MARKETING<\/strong><\/h2>\n<p>Rruga m\u00eb e shpejt\u00eb p\u00ebr njohjen e emrit\/logos dhe komunikimit me klientel\u00ebn \u00ebsht\u00eb p\u00ebrdorimi i mediave sociale. N\u00eb CodeIT menaxhimi i mediave kryhet nga specialist\u00ebt e marketingut digjital t\u00eb cil\u00ebt njohin tregun online m\u00eb s\u00eb miri.<\/p>\n<p>Menaxhojm\u00eb profilet tuaja n\u00eb:<\/p>\n<ul>\n<li>Facebook<\/li>\n<li>Instagram<\/li>\n<li>LinkedIn<\/li>\n<li>Pinterest<\/li>\n<li>Twitter<\/li>\n<li>YouTube etj\u2026<\/li>\n<\/ul>\n<p>Si fillim ne kryejm\u00eb nj\u00eb studim t\u00eb biznesit tuaj, njihemi me p\u00ebrpar\u00ebsit\u00eb dhe disavantazhet n\u00eb publikimet online dhe ju propozojm\u00eb nj\u00eb kalendar mujor. Fillojm\u00eb nj\u00eb periudh\u00eb testimi bashk\u00ebpunimi 1-3 muaj e m\u00eb pas n\u00ebnshkruajm\u00eb kontrat\u00ebn nj\u00eb vje\u00e7are t\u00eb sh\u00ebrbimit.<\/p>\n<h2><strong>CONTENT MARKETING<\/strong><\/h2>\n<p>T\u00ebrhiqni dhe bashk\u00ebveproni me klientel\u00ebn tuaj n\u00ebp\u00ebrmjet nj\u00eb p\u00ebrmbajtjeje me vler\u00eb. Gazetar\u00ebt tan\u00eb profesionist\u00eb krijojn\u00eb p\u00ebrshkrime me p\u00ebrmbajtje q\u00eb ndihmojn\u00eb n\u00eb rankimin n\u00eb faqet e para t\u00eb Google. Kjo n\u00ebp\u00ebrmjet fjal\u00ebve ky\u00e7e t\u00eb studiuara mir\u00eb.<\/p>\n<p>Ne krijojm\u00eb, shp\u00ebrndajm\u00eb dhe monitorojm\u00eb p\u00ebrmbajtje si:<\/p>\n<ul>\n<li>Blog<\/li>\n<li>Video<\/li>\n<li>Landing Page etj\u2026<\/li>\n<\/ul>\n<p>Rezultatet do t\u00eb jen\u00eb t\u00eb qarta duke arritur k\u00ebshtu rritjen e trafikut n\u00eb website, njohjen e brandit dhe afrimin e klientel\u00ebs online. Procesi \u00ebsht\u00eb i till\u00eb:<\/p>\n<ol>\n<li>Zhvillimi i strategjis\u00eb marketuese t\u00eb p\u00ebrmbajtjes<\/li>\n<li>Thellimi i p\u00ebrmbajtjes sipas audienc\u00ebs<\/li>\n<li>Krijimi i p\u00ebrmbajtjes (Publikimi)<\/li>\n<li>Shp\u00ebrndarja e p\u00ebrmbajtjes<\/li>\n<li>Analizimi dhe matja e p\u00ebrmbajtjes n\u00eb Analiz\u00eb-Raport<\/li>\n<li>Rregullime dhe p\u00ebrshtatje t\u00eb strategjis\u00eb<\/li>\n<\/ol>\n<p>Krijoni besim dhe mb\u00ebshtetje p\u00ebr klientel\u00ebn tuaj duke i dh\u00ebn\u00eb t\u00eb gjith\u00eb informacionin e duhur q\u00eb i \u00e7on drejp\u00ebrdrejt\u00eb n\u00eb p\u00ebrmbushjen e nevojave t\u00eb tyre. P\u00ebrmbajtja efektive ju ndihmon n\u00eb krijimin e autoritetit tuaj n\u00eb treg dhe ju rrit audienc\u00ebn besnike.<\/p>\n","protected":false},"excerpt":{"rendered":"<p>P\u00ebr krijimin edhe mir\u00ebmbajtjen e nj\u00eb imazhi t\u00eb mir\u00eb n\u00eb biznes, p\u00ebrtej produktit\/sh\u00ebrbimit, r\u00ebnd\u00ebsi ka si shpaloset emri n\u00eb treg. Si prezantohet biznesi\/brandi juaj tek klienti? A i ka arritur kanalet e duhura? CodeIT mendon p\u00ebr arritjen e q\u00ebllimeve dhe p\u00ebrfitimeve tuaja. Departamenti i Marketingut harton dhe implementon strategji bashk\u00ebkohore e t\u00eb suksesshme p\u00ebr pozicionimin [&hellip;]<\/p>\n","protected":false},"author":1,"featured_media":146,"parent":17,"menu_order":0,"comment_status":"closed","ping_status":"closed","template":"template-marketing.php","meta":{"footnotes":""},"class_list":["post-31","page","type-page","status-publish","has-post-thumbnail","hentry"],"yoast_head":"<!-- This site is optimized with the Yoast SEO plugin v23.5 - https:\/\/yoast.com\/wordpress\/plugins\/seo\/ -->\n<title>Marketing<\/title>\n<meta name=\"robots\" content=\"index, follow, max-snippet:-1, max-image-preview:large, max-video-preview:-1\" \/>\n<link rel=\"canonical\" href=\"https:\/\/codeit.al\/sq\/services\/marketing\/\" \/>\n<meta property=\"og:locale\" content=\"sq_AL\" \/>\n<meta property=\"og:locale:alternate\" content=\"en_US\" \/>\n<meta property=\"og:locale:alternate\" content=\"it_IT\" \/>\n<meta property=\"og:type\" content=\"article\" \/>\n<meta property=\"og:title\" content=\"Marketing\" \/>\n<meta property=\"og:description\" content=\"P\u00ebr krijimin edhe mir\u00ebmbajtjen e nj\u00eb imazhi t\u00eb mir\u00eb n\u00eb biznes, p\u00ebrtej produktit\/sh\u00ebrbimit, r\u00ebnd\u00ebsi ka si shpaloset emri n\u00eb treg. Si prezantohet biznesi\/brandi juaj tek klienti? A i ka arritur kanalet e duhura? CodeIT mendon p\u00ebr arritjen e q\u00ebllimeve dhe p\u00ebrfitimeve tuaja. Departamenti i Marketingut harton dhe implementon strategji bashk\u00ebkohore e t\u00eb suksesshme p\u00ebr pozicionimin [&hellip;]\" \/>\n<meta property=\"og:url\" content=\"https:\/\/codeit.al\/sq\/services\/marketing\/\" \/>\n<meta property=\"og:site_name\" content=\"CodeIT\" \/>\n<meta property=\"article:publisher\" content=\"https:\/\/www.facebook.com\/Code-IT-shpk-1922218121419737\/\" \/>\n<meta property=\"article:modified_time\" content=\"2021-07-16T14:56:11+00:00\" \/>\n<meta property=\"og:image\" content=\"https:\/\/codeit.al\/wp-content\/uploads\/2020\/08\/marketing2-768x443-1.png\" \/>\n\t<meta property=\"og:image:width\" content=\"768\" \/>\n\t<meta property=\"og:image:height\" content=\"443\" \/>\n\t<meta property=\"og:image:type\" content=\"image\/png\" \/>\n<meta name=\"twitter:card\" content=\"summary_large_image\" \/>\n<meta name=\"twitter:label1\" content=\"Est. reading time\" \/>\n\t<meta name=\"twitter:data1\" content=\"7 minuta\" \/>\n<script type=\"application\/ld+json\" class=\"yoast-schema-graph\">{\"@context\":\"https:\/\/schema.org\",\"@graph\":[{\"@type\":\"WebPage\",\"@id\":\"https:\/\/codeit.al\/services\/marketing\/\",\"url\":\"https:\/\/codeit.al\/services\/marketing\/\",\"name\":\"Marketing\",\"isPartOf\":{\"@id\":\"https:\/\/codeit.al\/#website\"},\"primaryImageOfPage\":{\"@id\":\"https:\/\/codeit.al\/services\/marketing\/#primaryimage\"},\"image\":{\"@id\":\"https:\/\/codeit.al\/services\/marketing\/#primaryimage\"},\"thumbnailUrl\":\"https:\/\/codeit.al\/wp-content\/uploads\/2020\/08\/marketing2-768x443-1.png\",\"datePublished\":\"2020-08-13T10:20:33+00:00\",\"dateModified\":\"2021-07-16T14:56:11+00:00\",\"breadcrumb\":{\"@id\":\"https:\/\/codeit.al\/services\/marketing\/#breadcrumb\"},\"inLanguage\":\"sq\",\"potentialAction\":[{\"@type\":\"ReadAction\",\"target\":[\"https:\/\/codeit.al\/services\/marketing\/\"]}]},{\"@type\":\"ImageObject\",\"inLanguage\":\"sq\",\"@id\":\"https:\/\/codeit.al\/services\/marketing\/#primaryimage\",\"url\":\"https:\/\/codeit.al\/wp-content\/uploads\/2020\/08\/marketing2-768x443-1.png\",\"contentUrl\":\"https:\/\/codeit.al\/wp-content\/uploads\/2020\/08\/marketing2-768x443-1.png\",\"width\":768,\"height\":443},{\"@type\":\"BreadcrumbList\",\"@id\":\"https:\/\/codeit.al\/services\/marketing\/#breadcrumb\",\"itemListElement\":[{\"@type\":\"ListItem\",\"position\":1,\"name\":\"Services\",\"item\":\"https:\/\/codeit.al\/services\/\"},{\"@type\":\"ListItem\",\"position\":2,\"name\":\"Marketing\"}]},{\"@type\":\"WebSite\",\"@id\":\"https:\/\/codeit.al\/#website\",\"url\":\"https:\/\/codeit.al\/\",\"name\":\"CodeIT\",\"description\":\"Develop your Brand\",\"potentialAction\":[{\"@type\":\"SearchAction\",\"target\":{\"@type\":\"EntryPoint\",\"urlTemplate\":\"https:\/\/codeit.al\/?s={search_term_string}\"},\"query-input\":{\"@type\":\"PropertyValueSpecification\",\"valueRequired\":true,\"valueName\":\"search_term_string\"}}],\"inLanguage\":\"sq\"}]}<\/script>\n<!-- \/ Yoast SEO plugin. -->","yoast_head_json":{"title":"Marketing","robots":{"index":"index","follow":"follow","max-snippet":"max-snippet:-1","max-image-preview":"max-image-preview:large","max-video-preview":"max-video-preview:-1"},"canonical":"https:\/\/codeit.al\/sq\/services\/marketing\/","og_locale":"sq_AL","og_type":"article","og_title":"[:en]Marketing[:it]Marketing[:sq]Marketing[:] - CodeIT","og_description":"P\u00ebr krijimin edhe mir\u00ebmbajtjen e nj\u00eb imazhi t\u00eb mir\u00eb n\u00eb biznes, p\u00ebrtej produktit\/sh\u00ebrbimit, r\u00ebnd\u00ebsi ka si shpaloset emri n\u00eb treg. Si prezantohet biznesi\/brandi juaj tek klienti? A i ka arritur kanalet e duhura? CodeIT mendon p\u00ebr arritjen e q\u00ebllimeve dhe p\u00ebrfitimeve tuaja. Departamenti i Marketingut harton dhe implementon strategji bashk\u00ebkohore e t\u00eb suksesshme p\u00ebr pozicionimin [&hellip;]","og_url":"https:\/\/codeit.al\/sq\/services\/marketing\/","og_site_name":"CodeIT","article_publisher":"https:\/\/www.facebook.com\/Code-IT-shpk-1922218121419737\/","article_modified_time":"2021-07-16T14:56:11+00:00","og_image":[{"width":768,"height":443,"url":"https:\/\/codeit.al\/wp-content\/uploads\/2020\/08\/marketing2-768x443-1.png","type":"image\/png"}],"twitter_card":"summary_large_image","twitter_misc":{"Est. reading time":"7 minuta"},"schema":{"@context":"https:\/\/schema.org","@graph":[{"@type":"WebPage","@id":"https:\/\/codeit.al\/services\/marketing\/","url":"https:\/\/codeit.al\/services\/marketing\/","name":"Marketing","isPartOf":{"@id":"https:\/\/codeit.al\/#website"},"primaryImageOfPage":{"@id":"https:\/\/codeit.al\/services\/marketing\/#primaryimage"},"image":{"@id":"https:\/\/codeit.al\/services\/marketing\/#primaryimage"},"thumbnailUrl":"https:\/\/codeit.al\/wp-content\/uploads\/2020\/08\/marketing2-768x443-1.png","datePublished":"2020-08-13T10:20:33+00:00","dateModified":"2021-07-16T14:56:11+00:00","breadcrumb":{"@id":"https:\/\/codeit.al\/services\/marketing\/#breadcrumb"},"inLanguage":"sq","potentialAction":[{"@type":"ReadAction","target":["https:\/\/codeit.al\/services\/marketing\/"]}]},{"@type":"ImageObject","inLanguage":"sq","@id":"https:\/\/codeit.al\/services\/marketing\/#primaryimage","url":"https:\/\/codeit.al\/wp-content\/uploads\/2020\/08\/marketing2-768x443-1.png","contentUrl":"https:\/\/codeit.al\/wp-content\/uploads\/2020\/08\/marketing2-768x443-1.png","width":768,"height":443},{"@type":"BreadcrumbList","@id":"https:\/\/codeit.al\/services\/marketing\/#breadcrumb","itemListElement":[{"@type":"ListItem","position":1,"name":"Services","item":"https:\/\/codeit.al\/services\/"},{"@type":"ListItem","position":2,"name":"Marketing"}]},{"@type":"WebSite","@id":"https:\/\/codeit.al\/#website","url":"https:\/\/codeit.al\/","name":"CodeIT","description":"Develop your Brand","potentialAction":[{"@type":"SearchAction","target":{"@type":"EntryPoint","urlTemplate":"https:\/\/codeit.al\/?s={search_term_string}"},"query-input":{"@type":"PropertyValueSpecification","valueRequired":true,"valueName":"search_term_string"}}],"inLanguage":"sq"}]}},"_links":{"self":[{"href":"https:\/\/codeit.al\/sq\/wp-json\/wp\/v2\/pages\/31","targetHints":{"allow":["GET"]}}],"collection":[{"href":"https:\/\/codeit.al\/sq\/wp-json\/wp\/v2\/pages"}],"about":[{"href":"https:\/\/codeit.al\/sq\/wp-json\/wp\/v2\/types\/page"}],"author":[{"embeddable":true,"href":"https:\/\/codeit.al\/sq\/wp-json\/wp\/v2\/users\/1"}],"replies":[{"embeddable":true,"href":"https:\/\/codeit.al\/sq\/wp-json\/wp\/v2\/comments?post=31"}],"version-history":[{"count":0,"href":"https:\/\/codeit.al\/sq\/wp-json\/wp\/v2\/pages\/31\/revisions"}],"up":[{"embeddable":true,"href":"https:\/\/codeit.al\/sq\/wp-json\/wp\/v2\/pages\/17"}],"wp:featuredmedia":[{"embeddable":true,"href":"https:\/\/codeit.al\/sq\/wp-json\/wp\/v2\/media\/146"}],"wp:attachment":[{"href":"https:\/\/codeit.al\/sq\/wp-json\/wp\/v2\/media?parent=31"}],"curies":[{"name":"wp","href":"https:\/\/api.w.org\/{rel}","templated":true}]}}