{"id":35,"date":"2020-08-13T10:22:10","date_gmt":"2020-08-13T10:22:10","guid":{"rendered":"https:\/\/codeit.al\/?page_id=35"},"modified":"2021-07-16T13:30:36","modified_gmt":"2021-07-16T13:30:36","slug":"mobile","status":"publish","type":"page","link":"https:\/\/codeit.al\/sq\/services\/mobile\/","title":{"rendered":"Mobile"},"content":{"rendered":"<div id=\"page\" class=\"main-site\">\n<div class=\"site-main\">\n<p>Aplikacionet mobile po b\u00ebhen gjithmon\u00eb e m\u00eb shum\u00eb popullore n\u00eb mesin e bizneseve dhe ofruesve t\u00eb sh\u00ebrbimeve. Ato tashm\u00eb jan\u00eb thelb\u00ebsore p\u00ebr t\u00eb arritur nj\u00eb komunikim efektiv me klient\u00ebt e synuar dhe kan\u00eb vler\u00eb t\u00eb madhe n\u00eb marketing.<\/p>\n<div class=\"right-box\">\n<div class=\"contents\">\n<div class=\"page-content\">\n<p><strong>Drejtohuni tek CodeIT!<\/strong><\/p>\n<p>Ne mund t\u00eb trajtojm\u00eb projekte duke filluar nga aplikacione t\u00eb vogla dhe t\u00eb thjeshta deri te ato m\u00eb komplekset.<\/p>\n<p>Kemi nj\u00eb rekord t\u00eb provuar n\u00eb dizenjimin dhe zhvillimin e aplikacioneve p\u00ebr platformat iOS dhe Android. Gjithashtu trajtojm\u00eb projekte p\u00ebr \u00e7do lloj industrie dhe mund t\u00eb krijojm\u00eb aplikacionin tuaj nga e para duke p\u00ebrfshir\u00eb mjetet dhe platformat tona ekzistuese.<\/p>\n<p>CodeIT ka p\u00ebrzgjedhur nj\u00eb ekip ekspert\u00ebsh p\u00ebr t\u00eb zhvilluar n\u00eb m\u00ebnyr\u00ebn m\u00eb t\u00eb mire t\u00eb mundshme aplikacionet tuaja mobile.<\/p>\n<p>Grupi \u00a0i pun\u00ebs procedon duke p\u00ebrdorur platforma t\u00eb ndryshme si Android Studio dhe Swift .<\/p>\n<p>Funksionaliteti dhe leht\u00ebsia n\u00eb p\u00ebrdorim jan\u00eb pikat ky\u00e7e p\u00ebr aplikacionin tuaj.<\/p>\n<p>Teknologjia q\u00eb ne kemi p\u00ebrzgjedhur\u00a0 siguron dizajn t\u00eb thjesht\u00eb t\u00eb nd\u00ebrfaqes s\u00eb p\u00ebrdoruesit.<\/p>\n<p>Zhvillimi i aplikacionit p\u00ebr celular\u00eb \u00ebsht\u00eb i vlefsh\u00ebm p\u00ebr klient\u00ebt tan\u00eb brenda dhe jasht\u00eb vendit.<\/p>\n<p>N\u00ebse doni ti konvertoni idet\u00eb tuaja n\u00eb aplikacione t\u00eb suksesshme mobile, ne jemi k\u00ebtu p\u00ebr t\u2019i ardhur n\u00eb ndihm\u00eb \u00e7do ideje inovative! Rritja e aksesit online t\u00eb produkteve dhe sh\u00ebrbimeve e kombinuar me cil\u00ebsi t\u00eb lart\u00eb dhe kosto t\u00eb ul\u00ebt \u00ebsht\u00eb ajo \u00e7far\u00eb ju duhet p\u00ebr aplikacionin tuaj mobile. Dhe nj\u00eb sh\u00ebrbim t\u00eb till\u00eb e gjeni vet\u00ebm te CodeIT!<\/p>\n<p><strong>Leht\u00ebsirat q\u00eb do t\u2019ju ofroj\u00eb aplikacioni juaj mobile jan\u00eb t\u00eb shumta:<\/strong><\/p>\n<p><strong>1.Komunikim \u00a0t\u00eb \u00a0drejtp\u00ebrdrejt\u00eb me klientin.<\/strong><\/p>\n<p>Aplikacionet mobile kan\u00eb provuar se jan\u00eb t\u00eb shpejta dhe efektive n\u00eb angazhimin e interesave t\u00eb klientit dhe komunikimin e produkteve, sh\u00ebrbimeve t\u00eb reja, ofertave promovuese dhe normave t\u00eb zbritura.<\/p>\n<p><strong>2.Rritja e njohjes krijon besnik\u00ebrin\u00eb e konsumator\u00ebve<\/strong><\/p>\n<p>Nd\u00ebrtimi i besnik\u00ebris\u00eb s\u00eb klientit \u00ebsht\u00eb nj\u00eb aspekt kritik dhe i nd\u00ebrlikuar i marketingut t\u00eb nj\u00eb biznesi. Aplikacionet e biznesit ndihmojn\u00eb n\u00eb zbutjen e k\u00ebsaj rruge duke zhvilluar nj\u00eb lidhje midis klientit dhe mark\u00ebs n\u00ebp\u00ebrmjet njoftimeve t\u00eb vazhdueshme.<\/p>\n<p><strong>3.Ju ndihmon t\u00eb b\u00ebni diferenc\u00ebn nga turma<\/strong><\/p>\n<p>Aplikacionet mobile jan\u00eb ende t\u00eb pa p\u00ebrhapura sa duhet. Ndaj duke pasur nj\u00eb aplikacion p\u00ebr biznesin tuaj, ju mund t\u00eb t\u00ebrhiqni v\u00ebm\u00ebndjen e klient\u00ebve potencial\u00eb dhe do t\u00eb arrini interesin e nj\u00eb pjese t\u00eb madhe t\u00eb tregut. Dhe duke menaxhuar n\u00eb m\u00ebnyr\u00eb efektive angazhimin e konsumator\u00ebve nd\u00ebrtoni besnik\u00ebri t\u00eb fort\u00eb p\u00ebr klientel\u00ebn.<\/p>\n<\/div>\n<\/div>\n<\/div>\n<p>&nbsp;<\/p>\n<\/div>\n<\/div>\n<div id=\"wpadminbar\" class=\"nojq\"><\/div>\n","protected":false},"excerpt":{"rendered":"<p>Aplikacionet mobile po b\u00ebhen gjithmon\u00eb e m\u00eb shum\u00eb popullore n\u00eb mesin e bizneseve dhe ofruesve t\u00eb sh\u00ebrbimeve. Ato tashm\u00eb jan\u00eb thelb\u00ebsore p\u00ebr t\u00eb arritur nj\u00eb komunikim efektiv me klient\u00ebt e synuar dhe kan\u00eb vler\u00eb t\u00eb madhe n\u00eb marketing. Drejtohuni tek CodeIT! Ne mund t\u00eb trajtojm\u00eb projekte duke filluar nga aplikacione t\u00eb vogla dhe t\u00eb thjeshta [&hellip;]<\/p>\n","protected":false},"author":1,"featured_media":139,"parent":17,"menu_order":0,"comment_status":"closed","ping_status":"closed","template":"template-app.php","meta":{"footnotes":""},"class_list":["post-35","page","type-page","status-publish","has-post-thumbnail","hentry"],"yoast_head":"<!-- This site is optimized with the Yoast SEO plugin v23.5 - https:\/\/yoast.com\/wordpress\/plugins\/seo\/ -->\n<title>Mobile<\/title>\n<meta name=\"robots\" content=\"index, follow, max-snippet:-1, max-image-preview:large, max-video-preview:-1\" \/>\n<link rel=\"canonical\" href=\"https:\/\/codeit.al\/sq\/services\/mobile\/\" \/>\n<meta property=\"og:locale\" content=\"sq_AL\" \/>\n<meta property=\"og:locale:alternate\" content=\"en_US\" \/>\n<meta property=\"og:locale:alternate\" content=\"it_IT\" \/>\n<meta property=\"og:type\" content=\"article\" \/>\n<meta property=\"og:title\" content=\"Mobile\" \/>\n<meta property=\"og:description\" content=\"Aplikacionet mobile po b\u00ebhen gjithmon\u00eb e m\u00eb shum\u00eb popullore n\u00eb mesin e bizneseve dhe ofruesve t\u00eb sh\u00ebrbimeve. Ato tashm\u00eb jan\u00eb thelb\u00ebsore p\u00ebr t\u00eb arritur nj\u00eb komunikim efektiv me klient\u00ebt e synuar dhe kan\u00eb vler\u00eb t\u00eb madhe n\u00eb marketing. Drejtohuni tek CodeIT! Ne mund t\u00eb trajtojm\u00eb projekte duke filluar nga aplikacione t\u00eb vogla dhe t\u00eb thjeshta [&hellip;]\" \/>\n<meta property=\"og:url\" content=\"https:\/\/codeit.al\/sq\/services\/mobile\/\" \/>\n<meta property=\"og:site_name\" content=\"CodeIT\" \/>\n<meta property=\"article:publisher\" content=\"https:\/\/www.facebook.com\/Code-IT-shpk-1922218121419737\/\" \/>\n<meta property=\"article:modified_time\" content=\"2021-07-16T13:30:36+00:00\" \/>\n<meta property=\"og:image\" content=\"https:\/\/codeit.al\/wp-content\/uploads\/2020\/08\/mobile-app.png\" \/>\n\t<meta property=\"og:image:width\" content=\"1616\" \/>\n\t<meta property=\"og:image:height\" content=\"808\" \/>\n\t<meta property=\"og:image:type\" content=\"image\/png\" \/>\n<meta name=\"twitter:card\" content=\"summary_large_image\" \/>\n<meta name=\"twitter:label1\" content=\"Est. reading time\" \/>\n\t<meta name=\"twitter:data1\" content=\"6 minuta\" \/>\n<script type=\"application\/ld+json\" class=\"yoast-schema-graph\">{\"@context\":\"https:\/\/schema.org\",\"@graph\":[{\"@type\":\"WebPage\",\"@id\":\"https:\/\/codeit.al\/services\/mobile\/\",\"url\":\"https:\/\/codeit.al\/services\/mobile\/\",\"name\":\"Mobile\",\"isPartOf\":{\"@id\":\"https:\/\/codeit.al\/#website\"},\"primaryImageOfPage\":{\"@id\":\"https:\/\/codeit.al\/services\/mobile\/#primaryimage\"},\"image\":{\"@id\":\"https:\/\/codeit.al\/services\/mobile\/#primaryimage\"},\"thumbnailUrl\":\"https:\/\/codeit.al\/wp-content\/uploads\/2020\/08\/mobile-app.png\",\"datePublished\":\"2020-08-13T10:22:10+00:00\",\"dateModified\":\"2021-07-16T13:30:36+00:00\",\"breadcrumb\":{\"@id\":\"https:\/\/codeit.al\/services\/mobile\/#breadcrumb\"},\"inLanguage\":\"sq\",\"potentialAction\":[{\"@type\":\"ReadAction\",\"target\":[\"https:\/\/codeit.al\/services\/mobile\/\"]}]},{\"@type\":\"ImageObject\",\"inLanguage\":\"sq\",\"@id\":\"https:\/\/codeit.al\/services\/mobile\/#primaryimage\",\"url\":\"https:\/\/codeit.al\/wp-content\/uploads\/2020\/08\/mobile-app.png\",\"contentUrl\":\"https:\/\/codeit.al\/wp-content\/uploads\/2020\/08\/mobile-app.png\",\"width\":1616,\"height\":808},{\"@type\":\"BreadcrumbList\",\"@id\":\"https:\/\/codeit.al\/services\/mobile\/#breadcrumb\",\"itemListElement\":[{\"@type\":\"ListItem\",\"position\":1,\"name\":\"Services\",\"item\":\"https:\/\/codeit.al\/services\/\"},{\"@type\":\"ListItem\",\"position\":2,\"name\":\"App Development\"}]},{\"@type\":\"WebSite\",\"@id\":\"https:\/\/codeit.al\/#website\",\"url\":\"https:\/\/codeit.al\/\",\"name\":\"CodeIT\",\"description\":\"Develop your Brand\",\"potentialAction\":[{\"@type\":\"SearchAction\",\"target\":{\"@type\":\"EntryPoint\",\"urlTemplate\":\"https:\/\/codeit.al\/?s={search_term_string}\"},\"query-input\":{\"@type\":\"PropertyValueSpecification\",\"valueRequired\":true,\"valueName\":\"search_term_string\"}}],\"inLanguage\":\"sq\"}]}<\/script>\n<!-- \/ Yoast SEO plugin. -->","yoast_head_json":{"title":"Mobile","robots":{"index":"index","follow":"follow","max-snippet":"max-snippet:-1","max-image-preview":"max-image-preview:large","max-video-preview":"max-video-preview:-1"},"canonical":"https:\/\/codeit.al\/sq\/services\/mobile\/","og_locale":"sq_AL","og_type":"article","og_title":"[:en]App Development[:it]Mobile[:sq]Mobile[:] - CodeIT","og_description":"Aplikacionet mobile po b\u00ebhen gjithmon\u00eb e m\u00eb shum\u00eb popullore n\u00eb mesin e bizneseve dhe ofruesve t\u00eb sh\u00ebrbimeve. Ato tashm\u00eb jan\u00eb thelb\u00ebsore p\u00ebr t\u00eb arritur nj\u00eb komunikim efektiv me klient\u00ebt e synuar dhe kan\u00eb vler\u00eb t\u00eb madhe n\u00eb marketing. Drejtohuni tek CodeIT! Ne mund t\u00eb trajtojm\u00eb projekte duke filluar nga aplikacione t\u00eb vogla dhe t\u00eb thjeshta [&hellip;]","og_url":"https:\/\/codeit.al\/sq\/services\/mobile\/","og_site_name":"CodeIT","article_publisher":"https:\/\/www.facebook.com\/Code-IT-shpk-1922218121419737\/","article_modified_time":"2021-07-16T13:30:36+00:00","og_image":[{"width":1616,"height":808,"url":"https:\/\/codeit.al\/wp-content\/uploads\/2020\/08\/mobile-app.png","type":"image\/png"}],"twitter_card":"summary_large_image","twitter_misc":{"Est. reading time":"6 minuta"},"schema":{"@context":"https:\/\/schema.org","@graph":[{"@type":"WebPage","@id":"https:\/\/codeit.al\/services\/mobile\/","url":"https:\/\/codeit.al\/services\/mobile\/","name":"Mobile","isPartOf":{"@id":"https:\/\/codeit.al\/#website"},"primaryImageOfPage":{"@id":"https:\/\/codeit.al\/services\/mobile\/#primaryimage"},"image":{"@id":"https:\/\/codeit.al\/services\/mobile\/#primaryimage"},"thumbnailUrl":"https:\/\/codeit.al\/wp-content\/uploads\/2020\/08\/mobile-app.png","datePublished":"2020-08-13T10:22:10+00:00","dateModified":"2021-07-16T13:30:36+00:00","breadcrumb":{"@id":"https:\/\/codeit.al\/services\/mobile\/#breadcrumb"},"inLanguage":"sq","potentialAction":[{"@type":"ReadAction","target":["https:\/\/codeit.al\/services\/mobile\/"]}]},{"@type":"ImageObject","inLanguage":"sq","@id":"https:\/\/codeit.al\/services\/mobile\/#primaryimage","url":"https:\/\/codeit.al\/wp-content\/uploads\/2020\/08\/mobile-app.png","contentUrl":"https:\/\/codeit.al\/wp-content\/uploads\/2020\/08\/mobile-app.png","width":1616,"height":808},{"@type":"BreadcrumbList","@id":"https:\/\/codeit.al\/services\/mobile\/#breadcrumb","itemListElement":[{"@type":"ListItem","position":1,"name":"Services","item":"https:\/\/codeit.al\/services\/"},{"@type":"ListItem","position":2,"name":"App Development"}]},{"@type":"WebSite","@id":"https:\/\/codeit.al\/#website","url":"https:\/\/codeit.al\/","name":"CodeIT","description":"Develop your Brand","potentialAction":[{"@type":"SearchAction","target":{"@type":"EntryPoint","urlTemplate":"https:\/\/codeit.al\/?s={search_term_string}"},"query-input":{"@type":"PropertyValueSpecification","valueRequired":true,"valueName":"search_term_string"}}],"inLanguage":"sq"}]}},"_links":{"self":[{"href":"https:\/\/codeit.al\/sq\/wp-json\/wp\/v2\/pages\/35","targetHints":{"allow":["GET"]}}],"collection":[{"href":"https:\/\/codeit.al\/sq\/wp-json\/wp\/v2\/pages"}],"about":[{"href":"https:\/\/codeit.al\/sq\/wp-json\/wp\/v2\/types\/page"}],"author":[{"embeddable":true,"href":"https:\/\/codeit.al\/sq\/wp-json\/wp\/v2\/users\/1"}],"replies":[{"embeddable":true,"href":"https:\/\/codeit.al\/sq\/wp-json\/wp\/v2\/comments?post=35"}],"version-history":[{"count":0,"href":"https:\/\/codeit.al\/sq\/wp-json\/wp\/v2\/pages\/35\/revisions"}],"up":[{"embeddable":true,"href":"https:\/\/codeit.al\/sq\/wp-json\/wp\/v2\/pages\/17"}],"wp:featuredmedia":[{"embeddable":true,"href":"https:\/\/codeit.al\/sq\/wp-json\/wp\/v2\/media\/139"}],"wp:attachment":[{"href":"https:\/\/codeit.al\/sq\/wp-json\/wp\/v2\/media?parent=35"}],"curies":[{"name":"wp","href":"https:\/\/api.w.org\/{rel}","templated":true}]}}