{"id":37,"date":"2020-08-13T10:22:51","date_gmt":"2020-08-13T10:22:51","guid":{"rendered":"https:\/\/codeit.al\/?page_id=37"},"modified":"2021-07-16T13:33:50","modified_gmt":"2021-07-16T13:33:50","slug":"seo","status":"publish","type":"page","link":"https:\/\/codeit.al\/sq\/services\/seo\/","title":{"rendered":"SEO"},"content":{"rendered":"<p>SEO n\u00eb CodeIT \u00ebsht\u00eb nj\u00eb strategji e mirfillt\u00eb n\u00eb zhvillimin e biznesit tuaj. V\u00ebshtir\u00ebsia e WEB \u2013it p\u00ebr t\u00eb qen\u00eb i renditur lart \u00ebsht\u00eb n\u00eb rritje, dhe k\u00ebtu duhet nd\u00ebrhyrja jon\u00eb p\u00ebr t\u2019ju dh\u00ebn\u00eb pozicionin e duhur online. SEO fokusohet n\u00eb nd\u00ebrtimin e pranis\u00eb organike t\u00eb biznesit tuaj dhe kjo nuk mund t\u00eb kryhet pa nj\u00eb ndihm\u00eb t\u00eb vog\u00ebl. SEO e duhur ju nxjerr n\u00eb drit\u00eb!<\/p>\n<h2>\u201cSEO STRATEGY<\/h2>\n<p>Thjesht vendosja e disa fjal\u00ebve ky\u00e7e (keywords) nuk p\u00ebrb\u00ebjn\u00eb nj\u00eb SEO t\u00eb mir\u00eb. Ne ju ndihmojm\u00eb t\u00eb vendosni SMART KEYWORDS dhe t\u2019i p\u00ebrdorim ato si avantazh. P\u00ebrmbajtja gjithashtu \u00ebsht\u00eb nj\u00eb pik\u00eb shum\u00eb e r\u00ebnd\u00ebsishme n\u00eb arritjen e klientel\u00ebs s\u00eb duhur.<\/p>\n<h2>\u201cKEYWORDS<\/h2>\n<p>Studimet tregojn\u00eb se 5 renditjet e para shfaqin interes p\u00ebr lexuesit online. Ndaj renditja juaj duhet t\u00eb jet\u00eb brenda k\u00ebtyre shifrave sidomos krahasuar me konkurent\u00ebt tuaj t\u00eb tregut.<\/p>\n<h2>\u201cCONTENT<\/h2>\n<p>Pasi aprovohet se p\u00ebrmbajta e web \u2013it \u00ebsht\u00eb e mir\u00eb dhe lundrimi n\u00eb faqe \u00ebsht\u00eb miq\u00ebsor nisim dhe mendojm\u00eb strategjin\u00eb e duhur t\u00eb SEO. Strategjia k\u00ebrkon element si teknik ashtu edhe kreativ t\u00eb cilat s\u00eb bashku p\u00ebrmir\u00ebsojn\u00eb renditjen.<\/p>\n<h2>\u201cTECHNICAL&#038;CREATIVE<\/h2>\n<p>Sh\u00ebrbimet SEO p\u00ebrfshijn\u00eb:<\/p>\n<ul>\n<li>Keywords Research<\/li>\n<li>Testime<\/li>\n<li>Website Analytics &#038; Tracking<\/li>\n<li>Header &#038; ALT Tags<\/li>\n<li>Blog Posts<\/li>\n<li>Content Creation<\/li>\n<li>Link Building<\/li>\n<li>Social Media<\/li>\n<li>On-page SEO<\/li>\n<li>Digital Maps<\/li>\n<li>Etj\u2026<\/li>\n<\/ul>\n","protected":false},"excerpt":{"rendered":"<p>SEO n\u00eb CodeIT \u00ebsht\u00eb nj\u00eb strategji e mirfillt\u00eb n\u00eb zhvillimin e biznesit tuaj. V\u00ebshtir\u00ebsia e WEB \u2013it p\u00ebr t\u00eb qen\u00eb i renditur lart \u00ebsht\u00eb n\u00eb rritje, dhe k\u00ebtu duhet nd\u00ebrhyrja jon\u00eb p\u00ebr t\u2019ju dh\u00ebn\u00eb pozicionin e duhur online. SEO fokusohet n\u00eb nd\u00ebrtimin e pranis\u00eb organike t\u00eb biznesit tuaj dhe kjo nuk mund t\u00eb kryhet pa [&hellip;]<\/p>\n","protected":false},"author":1,"featured_media":135,"parent":17,"menu_order":0,"comment_status":"closed","ping_status":"closed","template":"template-seo.php","meta":{"footnotes":""},"class_list":["post-37","page","type-page","status-publish","has-post-thumbnail","hentry"],"yoast_head":"<!-- This site is optimized with the Yoast SEO plugin v23.5 - https:\/\/yoast.com\/wordpress\/plugins\/seo\/ -->\n<title>SEO<\/title>\n<meta name=\"robots\" content=\"index, follow, max-snippet:-1, max-image-preview:large, max-video-preview:-1\" \/>\n<link rel=\"canonical\" href=\"https:\/\/codeit.al\/sq\/services\/seo\/\" \/>\n<meta property=\"og:locale\" content=\"sq_AL\" \/>\n<meta property=\"og:locale:alternate\" content=\"en_US\" \/>\n<meta property=\"og:locale:alternate\" content=\"it_IT\" \/>\n<meta property=\"og:type\" content=\"article\" \/>\n<meta property=\"og:title\" content=\"SEO\" \/>\n<meta property=\"og:description\" content=\"SEO n\u00eb CodeIT \u00ebsht\u00eb nj\u00eb strategji e mirfillt\u00eb n\u00eb zhvillimin e biznesit tuaj. V\u00ebshtir\u00ebsia e WEB \u2013it p\u00ebr t\u00eb qen\u00eb i renditur lart \u00ebsht\u00eb n\u00eb rritje, dhe k\u00ebtu duhet nd\u00ebrhyrja jon\u00eb p\u00ebr t\u2019ju dh\u00ebn\u00eb pozicionin e duhur online. SEO fokusohet n\u00eb nd\u00ebrtimin e pranis\u00eb organike t\u00eb biznesit tuaj dhe kjo nuk mund t\u00eb kryhet pa [&hellip;]\" \/>\n<meta property=\"og:url\" content=\"https:\/\/codeit.al\/sq\/services\/seo\/\" \/>\n<meta property=\"og:site_name\" content=\"CodeIT\" \/>\n<meta property=\"article:publisher\" content=\"https:\/\/www.facebook.com\/Code-IT-shpk-1922218121419737\/\" \/>\n<meta property=\"article:modified_time\" content=\"2021-07-16T13:33:50+00:00\" \/>\n<meta property=\"og:image\" content=\"https:\/\/codeit.al\/wp-content\/uploads\/2020\/08\/seo.jpeg\" \/>\n\t<meta property=\"og:image:width\" content=\"975\" \/>\n\t<meta property=\"og:image:height\" content=\"650\" \/>\n\t<meta property=\"og:image:type\" content=\"image\/jpeg\" \/>\n<meta name=\"twitter:card\" content=\"summary_large_image\" \/>\n<meta name=\"twitter:label1\" content=\"Est. reading time\" \/>\n\t<meta name=\"twitter:data1\" content=\"3 minuta\" \/>\n<script type=\"application\/ld+json\" class=\"yoast-schema-graph\">{\"@context\":\"https:\/\/schema.org\",\"@graph\":[{\"@type\":\"WebPage\",\"@id\":\"https:\/\/codeit.al\/services\/seo\/\",\"url\":\"https:\/\/codeit.al\/services\/seo\/\",\"name\":\"SEO\",\"isPartOf\":{\"@id\":\"https:\/\/codeit.al\/#website\"},\"primaryImageOfPage\":{\"@id\":\"https:\/\/codeit.al\/services\/seo\/#primaryimage\"},\"image\":{\"@id\":\"https:\/\/codeit.al\/services\/seo\/#primaryimage\"},\"thumbnailUrl\":\"https:\/\/codeit.al\/wp-content\/uploads\/2020\/08\/seo.jpeg\",\"datePublished\":\"2020-08-13T10:22:51+00:00\",\"dateModified\":\"2021-07-16T13:33:50+00:00\",\"breadcrumb\":{\"@id\":\"https:\/\/codeit.al\/services\/seo\/#breadcrumb\"},\"inLanguage\":\"sq\",\"potentialAction\":[{\"@type\":\"ReadAction\",\"target\":[\"https:\/\/codeit.al\/services\/seo\/\"]}]},{\"@type\":\"ImageObject\",\"inLanguage\":\"sq\",\"@id\":\"https:\/\/codeit.al\/services\/seo\/#primaryimage\",\"url\":\"https:\/\/codeit.al\/wp-content\/uploads\/2020\/08\/seo.jpeg\",\"contentUrl\":\"https:\/\/codeit.al\/wp-content\/uploads\/2020\/08\/seo.jpeg\",\"width\":975,\"height\":650},{\"@type\":\"BreadcrumbList\",\"@id\":\"https:\/\/codeit.al\/services\/seo\/#breadcrumb\",\"itemListElement\":[{\"@type\":\"ListItem\",\"position\":1,\"name\":\"Services\",\"item\":\"https:\/\/codeit.al\/services\/\"},{\"@type\":\"ListItem\",\"position\":2,\"name\":\"SEO\"}]},{\"@type\":\"WebSite\",\"@id\":\"https:\/\/codeit.al\/#website\",\"url\":\"https:\/\/codeit.al\/\",\"name\":\"CodeIT\",\"description\":\"Develop your Brand\",\"potentialAction\":[{\"@type\":\"SearchAction\",\"target\":{\"@type\":\"EntryPoint\",\"urlTemplate\":\"https:\/\/codeit.al\/?s={search_term_string}\"},\"query-input\":{\"@type\":\"PropertyValueSpecification\",\"valueRequired\":true,\"valueName\":\"search_term_string\"}}],\"inLanguage\":\"sq\"}]}<\/script>\n<!-- \/ Yoast SEO plugin. -->","yoast_head_json":{"title":"SEO","robots":{"index":"index","follow":"follow","max-snippet":"max-snippet:-1","max-image-preview":"max-image-preview:large","max-video-preview":"max-video-preview:-1"},"canonical":"https:\/\/codeit.al\/sq\/services\/seo\/","og_locale":"sq_AL","og_type":"article","og_title":"[:en]SEO[:it]SEO[:sq]SEO[:] - CodeIT","og_description":"SEO n\u00eb CodeIT \u00ebsht\u00eb nj\u00eb strategji e mirfillt\u00eb n\u00eb zhvillimin e biznesit tuaj. V\u00ebshtir\u00ebsia e WEB \u2013it p\u00ebr t\u00eb qen\u00eb i renditur lart \u00ebsht\u00eb n\u00eb rritje, dhe k\u00ebtu duhet nd\u00ebrhyrja jon\u00eb p\u00ebr t\u2019ju dh\u00ebn\u00eb pozicionin e duhur online. SEO fokusohet n\u00eb nd\u00ebrtimin e pranis\u00eb organike t\u00eb biznesit tuaj dhe kjo nuk mund t\u00eb kryhet pa [&hellip;]","og_url":"https:\/\/codeit.al\/sq\/services\/seo\/","og_site_name":"CodeIT","article_publisher":"https:\/\/www.facebook.com\/Code-IT-shpk-1922218121419737\/","article_modified_time":"2021-07-16T13:33:50+00:00","og_image":[{"width":975,"height":650,"url":"https:\/\/codeit.al\/wp-content\/uploads\/2020\/08\/seo.jpeg","type":"image\/jpeg"}],"twitter_card":"summary_large_image","twitter_misc":{"Est. reading time":"3 minuta"},"schema":{"@context":"https:\/\/schema.org","@graph":[{"@type":"WebPage","@id":"https:\/\/codeit.al\/services\/seo\/","url":"https:\/\/codeit.al\/services\/seo\/","name":"SEO","isPartOf":{"@id":"https:\/\/codeit.al\/#website"},"primaryImageOfPage":{"@id":"https:\/\/codeit.al\/services\/seo\/#primaryimage"},"image":{"@id":"https:\/\/codeit.al\/services\/seo\/#primaryimage"},"thumbnailUrl":"https:\/\/codeit.al\/wp-content\/uploads\/2020\/08\/seo.jpeg","datePublished":"2020-08-13T10:22:51+00:00","dateModified":"2021-07-16T13:33:50+00:00","breadcrumb":{"@id":"https:\/\/codeit.al\/services\/seo\/#breadcrumb"},"inLanguage":"sq","potentialAction":[{"@type":"ReadAction","target":["https:\/\/codeit.al\/services\/seo\/"]}]},{"@type":"ImageObject","inLanguage":"sq","@id":"https:\/\/codeit.al\/services\/seo\/#primaryimage","url":"https:\/\/codeit.al\/wp-content\/uploads\/2020\/08\/seo.jpeg","contentUrl":"https:\/\/codeit.al\/wp-content\/uploads\/2020\/08\/seo.jpeg","width":975,"height":650},{"@type":"BreadcrumbList","@id":"https:\/\/codeit.al\/services\/seo\/#breadcrumb","itemListElement":[{"@type":"ListItem","position":1,"name":"Services","item":"https:\/\/codeit.al\/services\/"},{"@type":"ListItem","position":2,"name":"SEO"}]},{"@type":"WebSite","@id":"https:\/\/codeit.al\/#website","url":"https:\/\/codeit.al\/","name":"CodeIT","description":"Develop your Brand","potentialAction":[{"@type":"SearchAction","target":{"@type":"EntryPoint","urlTemplate":"https:\/\/codeit.al\/?s={search_term_string}"},"query-input":{"@type":"PropertyValueSpecification","valueRequired":true,"valueName":"search_term_string"}}],"inLanguage":"sq"}]}},"_links":{"self":[{"href":"https:\/\/codeit.al\/sq\/wp-json\/wp\/v2\/pages\/37","targetHints":{"allow":["GET"]}}],"collection":[{"href":"https:\/\/codeit.al\/sq\/wp-json\/wp\/v2\/pages"}],"about":[{"href":"https:\/\/codeit.al\/sq\/wp-json\/wp\/v2\/types\/page"}],"author":[{"embeddable":true,"href":"https:\/\/codeit.al\/sq\/wp-json\/wp\/v2\/users\/1"}],"replies":[{"embeddable":true,"href":"https:\/\/codeit.al\/sq\/wp-json\/wp\/v2\/comments?post=37"}],"version-history":[{"count":0,"href":"https:\/\/codeit.al\/sq\/wp-json\/wp\/v2\/pages\/37\/revisions"}],"up":[{"embeddable":true,"href":"https:\/\/codeit.al\/sq\/wp-json\/wp\/v2\/pages\/17"}],"wp:featuredmedia":[{"embeddable":true,"href":"https:\/\/codeit.al\/sq\/wp-json\/wp\/v2\/media\/135"}],"wp:attachment":[{"href":"https:\/\/codeit.al\/sq\/wp-json\/wp\/v2\/media?parent=37"}],"curies":[{"name":"wp","href":"https:\/\/api.w.org\/{rel}","templated":true}]}}